{"id":938,"date":"2025-02-04T17:25:49","date_gmt":"2025-02-04T17:25:49","guid":{"rendered":"https:\/\/kolt.olaszelet.com\/admission\/"},"modified":"2025-02-13T17:55:47","modified_gmt":"2025-02-13T17:55:47","slug":"gyik","status":"publish","type":"page","link":"https:\/\/kolt.olaszelet.com\/it\/gyik\/","title":{"rendered":"FAQ"},"content":{"rendered":"<div data-elementor-type=\"wp-page\" data-elementor-id=\"938\" class=\"elementor elementor-938\" data-elementor-post-type=\"page\">\n\t\t\t\t<div class=\"elementor-element elementor-element-0033e46 e-con-full e-flex e-con e-parent\" data-id=\"0033e46\" data-element_type=\"container\" data-settings=\"{&quot;background_background&quot;:&quot;classic&quot;}\">\n\t\t<div class=\"elementor-element elementor-element-4a23daa e-con-full e-flex e-con e-child\" data-id=\"4a23daa\" data-element_type=\"container\">\n\t\t<div class=\"elementor-element elementor-element-4536081 e-con-full e-flex e-con e-child\" data-id=\"4536081\" data-element_type=\"container\">\n\t\t<div class=\"elementor-element elementor-element-3ccb566 e-con-full e-flex e-con e-child\" data-id=\"3ccb566\" data-element_type=\"container\">\n\t\t<div class=\"elementor-element elementor-element-be653b7 e-con-full e-flex e-con e-child\" data-id=\"be653b7\" data-element_type=\"container\">\n\t\t<div class=\"elementor-element elementor-element-faf8672 e-con-full e-flex e-con e-child\" data-id=\"faf8672\" data-element_type=\"container\">\n\t\t\t\t<div class=\"elementor-element elementor-element-2ba0e2d elementor-invisible elementor-widget elementor-widget-heading\" data-id=\"2ba0e2d\" data-element_type=\"widget\" data-settings=\"{&quot;_animation&quot;:&quot;fadeInLeft&quot;}\" data-widget_type=\"heading.default\">\n\t\t\t\t<div class=\"elementor-widget-container\">\n\t\t\t\t\t<h2 class=\"elementor-heading-title elementor-size-default\">Gyakran Ism\u00e9telt K\u00e9rd\u00e9sek <\/h2>\t\t\t\t<\/div>\n\t\t\t\t<\/div>\n\t\t<div class=\"elementor-element elementor-element-832fdf7 e-con-full e-flex e-con e-child\" data-id=\"832fdf7\" data-element_type=\"container\">\n\t\t\t\t<div class=\"elementor-element elementor-element-bcad88c elementor-widget elementor-widget-text-editor\" data-id=\"bcad88c\" data-element_type=\"widget\" data-widget_type=\"text-editor.default\">\n\t\t\t\t<div class=\"elementor-widget-container\">\n\t\t\t\t\t\t\t\t\t<p>Tudjuk, hogy a kutyakik\u00e9pz\u00e9s sor\u00e1n sok k\u00e9rd\u00e9s mer\u00fclhet fel. Az al\u00e1bbiakban \u00f6sszegy\u0171jt\u00f6tt\u00fck a leggyakrabban felmer\u00fcl\u0151 k\u00e9rd\u00e9seket, hogy seg\u00edts\u00fcnk neked a legjobb d\u00f6nt\u00e9st hozni.<\/p>\t\t\t\t\t\t\t\t<\/div>\n\t\t\t\t<\/div>\n\t\t\t\t<\/div>\n\t\t\t\t<div class=\"elementor-element elementor-element-8cdc825 elementor-widget elementor-widget-image\" data-id=\"8cdc825\" data-element_type=\"widget\" data-widget_type=\"image.default\">\n\t\t\t\t<div class=\"elementor-widget-container\">\n\t\t\t\t\t\t\t\t\t\t\t\t\t\t\t<img fetchpriority=\"high\" decoding=\"async\" width=\"550\" height=\"367\" src=\"https:\/\/kolt.olaszelet.com\/wp-content\/uploads\/2025\/02\/rottweiler2.webp\" class=\"attachment-large size-large wp-image-2010\" alt=\"\" srcset=\"https:\/\/kolt.olaszelet.com\/wp-content\/uploads\/2025\/02\/rottweiler2.webp 550w, https:\/\/kolt.olaszelet.com\/wp-content\/uploads\/2025\/02\/rottweiler2-300x200.webp 300w\" sizes=\"(max-width: 550px) 100vw, 550px\" \/>\t\t\t\t\t\t\t\t\t\t\t\t\t\t\t<\/div>\n\t\t\t\t<\/div>\n\t\t\t\t<\/div>\n\t\t\t\t<div class=\"elementor-element elementor-element-76b7ed0 elementor-widget elementor-widget-n-accordion\" data-id=\"76b7ed0\" data-element_type=\"widget\" data-settings=\"{&quot;default_state&quot;:&quot;expanded&quot;,&quot;max_items_expended&quot;:&quot;one&quot;,&quot;n_accordion_animation_duration&quot;:{&quot;unit&quot;:&quot;ms&quot;,&quot;size&quot;:400,&quot;sizes&quot;:[]}}\" data-widget_type=\"nested-accordion.default\">\n\t\t\t\t<div class=\"elementor-widget-container\">\n\t\t\t\t\t\t\t<div class=\"e-n-accordion\" aria-label=\"Accordion. Open links with Enter or Space, close with Escape, and navigate with Arrow Keys\">\n\t\t\t\t\t\t<details id=\"e-n-accordion-item-1240\" class=\"e-n-accordion-item\" open>\n\t\t\t\t<summary class=\"e-n-accordion-item-title\" data-accordion-index=\"1\" tabindex=\"0\" aria-expanded=\"true\" aria-controls=\"e-n-accordion-item-1240\" >\n\t\t\t\t\t<span class='e-n-accordion-item-title-header'><div class=\"e-n-accordion-item-title-text\"> Milyen korban kell elkezdeni a kutyakik\u00e9pz\u00e9st? <\/div><\/span>\n\t\t\t\t\t\t\t<span class='e-n-accordion-item-title-icon'>\n\t\t\t<span class='e-opened' ><svg aria-hidden=\"true\" class=\"e-font-icon-svg e-fas-dog\" viewbox=\"0 0 576 512\" xmlns=\"http:\/\/www.w3.org\/2000\/svg\"><path d=\"M298.06,224,448,277.55V496a16,16,0,0,1-16,16H368a16,16,0,0,1-16-16V384H192V496a16,16,0,0,1-16,16H112a16,16,0,0,1-16-16V282.09C58.84,268.84,32,233.66,32,192a32,32,0,0,1,64,0,32.06,32.06,0,0,0,32,32ZM544,112v32a64,64,0,0,1-64,64H448v35.58L320,197.87V48c0-14.25,17.22-21.39,27.31-11.31L374.59,64h53.63c10.91,0,23.75,7.92,28.62,17.69L464,96h64A16,16,0,0,1,544,112Zm-112,0a16,16,0,1,0-16,16A16,16,0,0,0,432,112Z\"><\/path><\/svg><\/span>\n\t\t\t<span class='e-closed'><svg aria-hidden=\"true\" class=\"e-font-icon-svg e-fas-bone\" viewbox=\"0 0 640 512\" xmlns=\"http:\/\/www.w3.org\/2000\/svg\"><path d=\"M598.88 244.56c25.2-12.6 41.12-38.36 41.12-66.53v-7.64C640 129.3 606.7 96 565.61 96c-32.02 0-60.44 20.49-70.57 50.86-7.68 23.03-11.6 45.14-38.11 45.14H183.06c-27.38 0-31.58-25.54-38.11-45.14C134.83 116.49 106.4 96 74.39 96 33.3 96 0 129.3 0 170.39v7.64c0 28.17 15.92 53.93 41.12 66.53 9.43 4.71 9.43 18.17 0 22.88C15.92 280.04 0 305.8 0 333.97v7.64C0 382.7 33.3 416 74.38 416c32.02 0 60.44-20.49 70.57-50.86 7.68-23.03 11.6-45.14 38.11-45.14h273.87c27.38 0 31.58 25.54 38.11 45.14C505.17 395.51 533.6 416 565.61 416c41.08 0 74.38-33.3 74.38-74.39v-7.64c0-28.18-15.92-53.93-41.12-66.53-9.42-4.71-9.42-18.17.01-22.88z\"><\/path><\/svg><\/span>\n\t\t<\/span>\n\n\t\t\t\t\t\t<\/summary>\n\t\t\t\t<div role=\"region\" aria-labelledby=\"e-n-accordion-item-1240\" class=\"elementor-element elementor-element-1867312 e-con-full e-flex e-con e-child\" data-id=\"1867312\" data-element_type=\"container\">\n\t\t\t\t<div class=\"elementor-element elementor-element-39156c9 elementor-widget elementor-widget-text-editor\" data-id=\"39156c9\" data-element_type=\"widget\" data-widget_type=\"text-editor.default\">\n\t\t\t\t<div class=\"elementor-widget-container\">\n\t\t\t\t\t\t\t\t\t<p>A kik\u00e9pz\u00e9st ak\u00e1r m\u00e1r 8-10 hetes korban el lehet kezdeni a kiskuty\u00e1val. Term\u00e9szetesen soha nem k\u00e9s\u0151 elkezdeni a kik\u00e9pz\u00e9st, de min\u00e9l hamarabb kezd\u0151dik, ann\u00e1l k\u00f6nnyebb a tanul\u00e1si folyamat.<\/p>\t\t\t\t\t\t\t\t<\/div>\n\t\t\t\t<\/div>\n\t\t\t\t<\/div>\n\t\t\t\t\t<\/details>\n\t\t\t\t\t\t<details id=\"e-n-accordion-item-1241\" class=\"e-n-accordion-item\" >\n\t\t\t\t<summary class=\"e-n-accordion-item-title\" data-accordion-index=\"2\" tabindex=\"-1\" aria-expanded=\"false\" aria-controls=\"e-n-accordion-item-1241\" >\n\t\t\t\t\t<span class='e-n-accordion-item-title-header'><div class=\"e-n-accordion-item-title-text\"> Milyen gyakran tartj\u00e1tok a kik\u00e9pz\u00e9seket? <\/div><\/span>\n\t\t\t\t\t\t\t<span class='e-n-accordion-item-title-icon'>\n\t\t\t<span class='e-opened' ><svg aria-hidden=\"true\" class=\"e-font-icon-svg e-fas-dog\" viewbox=\"0 0 576 512\" xmlns=\"http:\/\/www.w3.org\/2000\/svg\"><path d=\"M298.06,224,448,277.55V496a16,16,0,0,1-16,16H368a16,16,0,0,1-16-16V384H192V496a16,16,0,0,1-16,16H112a16,16,0,0,1-16-16V282.09C58.84,268.84,32,233.66,32,192a32,32,0,0,1,64,0,32.06,32.06,0,0,0,32,32ZM544,112v32a64,64,0,0,1-64,64H448v35.58L320,197.87V48c0-14.25,17.22-21.39,27.31-11.31L374.59,64h53.63c10.91,0,23.75,7.92,28.62,17.69L464,96h64A16,16,0,0,1,544,112Zm-112,0a16,16,0,1,0-16,16A16,16,0,0,0,432,112Z\"><\/path><\/svg><\/span>\n\t\t\t<span class='e-closed'><svg aria-hidden=\"true\" class=\"e-font-icon-svg e-fas-bone\" viewbox=\"0 0 640 512\" xmlns=\"http:\/\/www.w3.org\/2000\/svg\"><path d=\"M598.88 244.56c25.2-12.6 41.12-38.36 41.12-66.53v-7.64C640 129.3 606.7 96 565.61 96c-32.02 0-60.44 20.49-70.57 50.86-7.68 23.03-11.6 45.14-38.11 45.14H183.06c-27.38 0-31.58-25.54-38.11-45.14C134.83 116.49 106.4 96 74.39 96 33.3 96 0 129.3 0 170.39v7.64c0 28.17 15.92 53.93 41.12 66.53 9.43 4.71 9.43 18.17 0 22.88C15.92 280.04 0 305.8 0 333.97v7.64C0 382.7 33.3 416 74.38 416c32.02 0 60.44-20.49 70.57-50.86 7.68-23.03 11.6-45.14 38.11-45.14h273.87c27.38 0 31.58 25.54 38.11 45.14C505.17 395.51 533.6 416 565.61 416c41.08 0 74.38-33.3 74.38-74.39v-7.64c0-28.18-15.92-53.93-41.12-66.53-9.42-4.71-9.42-18.17.01-22.88z\"><\/path><\/svg><\/span>\n\t\t<\/span>\n\n\t\t\t\t\t\t<\/summary>\n\t\t\t\t<div role=\"region\" aria-labelledby=\"e-n-accordion-item-1241\" class=\"elementor-element elementor-element-00e7f6d e-con-full e-flex e-con e-child\" data-id=\"00e7f6d\" data-element_type=\"container\">\n\t\t\t\t<div class=\"elementor-element elementor-element-9f58ddc elementor-widget elementor-widget-text-editor\" data-id=\"9f58ddc\" data-element_type=\"widget\" data-widget_type=\"text-editor.default\">\n\t\t\t\t<div class=\"elementor-widget-container\">\n\t\t\t\t\t\t\t\t\t<p>K\u00fcl\u00f6nb\u00f6z\u0151 csomagokat k\u00edn\u00e1lunk, amelyek heti 1-t\u0151l 3 foglalkoz\u00e1sig terjednek, att\u00f3l f\u00fcgg\u0151en, hogy milyen intenz\u00edv kik\u00e9pz\u00e9st szeretn\u00e9l a kuty\u00e1dnak.\u00a0<\/p>\t\t\t\t\t\t\t\t<\/div>\n\t\t\t\t<\/div>\n\t\t\t\t<\/div>\n\t\t\t\t\t<\/details>\n\t\t\t\t\t\t<details id=\"e-n-accordion-item-1242\" class=\"e-n-accordion-item\" >\n\t\t\t\t<summary class=\"e-n-accordion-item-title\" data-accordion-index=\"3\" tabindex=\"-1\" aria-expanded=\"false\" aria-controls=\"e-n-accordion-item-1242\" >\n\t\t\t\t\t<span class='e-n-accordion-item-title-header'><div class=\"e-n-accordion-item-title-text\"> Mi t\u00f6rt\u00e9nik, ha a kuty\u00e1m nem viselkedik megfelel\u0151en a kik\u00e9pz\u00e9s sor\u00e1n? <\/div><\/span>\n\t\t\t\t\t\t\t<span class='e-n-accordion-item-title-icon'>\n\t\t\t<span class='e-opened' ><svg aria-hidden=\"true\" class=\"e-font-icon-svg e-fas-dog\" viewbox=\"0 0 576 512\" xmlns=\"http:\/\/www.w3.org\/2000\/svg\"><path d=\"M298.06,224,448,277.55V496a16,16,0,0,1-16,16H368a16,16,0,0,1-16-16V384H192V496a16,16,0,0,1-16,16H112a16,16,0,0,1-16-16V282.09C58.84,268.84,32,233.66,32,192a32,32,0,0,1,64,0,32.06,32.06,0,0,0,32,32ZM544,112v32a64,64,0,0,1-64,64H448v35.58L320,197.87V48c0-14.25,17.22-21.39,27.31-11.31L374.59,64h53.63c10.91,0,23.75,7.92,28.62,17.69L464,96h64A16,16,0,0,1,544,112Zm-112,0a16,16,0,1,0-16,16A16,16,0,0,0,432,112Z\"><\/path><\/svg><\/span>\n\t\t\t<span class='e-closed'><svg aria-hidden=\"true\" class=\"e-font-icon-svg e-fas-bone\" viewbox=\"0 0 640 512\" xmlns=\"http:\/\/www.w3.org\/2000\/svg\"><path d=\"M598.88 244.56c25.2-12.6 41.12-38.36 41.12-66.53v-7.64C640 129.3 606.7 96 565.61 96c-32.02 0-60.44 20.49-70.57 50.86-7.68 23.03-11.6 45.14-38.11 45.14H183.06c-27.38 0-31.58-25.54-38.11-45.14C134.83 116.49 106.4 96 74.39 96 33.3 96 0 129.3 0 170.39v7.64c0 28.17 15.92 53.93 41.12 66.53 9.43 4.71 9.43 18.17 0 22.88C15.92 280.04 0 305.8 0 333.97v7.64C0 382.7 33.3 416 74.38 416c32.02 0 60.44-20.49 70.57-50.86 7.68-23.03 11.6-45.14 38.11-45.14h273.87c27.38 0 31.58 25.54 38.11 45.14C505.17 395.51 533.6 416 565.61 416c41.08 0 74.38-33.3 74.38-74.39v-7.64c0-28.18-15.92-53.93-41.12-66.53-9.42-4.71-9.42-18.17.01-22.88z\"><\/path><\/svg><\/span>\n\t\t<\/span>\n\n\t\t\t\t\t\t<\/summary>\n\t\t\t\t<div role=\"region\" aria-labelledby=\"e-n-accordion-item-1242\" class=\"elementor-element elementor-element-5f16628 e-con-full e-flex e-con e-child\" data-id=\"5f16628\" data-element_type=\"container\">\n\t\t\t\t<div class=\"elementor-element elementor-element-2216424 elementor-widget elementor-widget-text-editor\" data-id=\"2216424\" data-element_type=\"widget\" data-widget_type=\"text-editor.default\">\n\t\t\t\t<div class=\"elementor-widget-container\">\n\t\t\t\t\t\t\t\t\t<p>A kik\u00e9pz\u0151ink nagy tapasztalattal rendelkeznek a k\u00fcl\u00f6nb\u00f6z\u0151 viselked\u00e9si probl\u00e9m\u00e1k kezel\u00e9s\u00e9ben. A kik\u00e9pz\u00e9sek sor\u00e1n a pozit\u00edv meger\u0151s\u00edt\u00e9st haszn\u00e1ljuk, hogy seg\u00edts\u00fcnk a kuty\u00e1dnak meg\u00e9rteni, mi a megfelel\u0151 viselked\u00e9s.<\/p>\t\t\t\t\t\t\t\t<\/div>\n\t\t\t\t<\/div>\n\t\t\t\t<\/div>\n\t\t\t\t\t<\/details>\n\t\t\t\t\t\t<details id=\"e-n-accordion-item-1243\" class=\"e-n-accordion-item\" >\n\t\t\t\t<summary class=\"e-n-accordion-item-title\" data-accordion-index=\"4\" tabindex=\"-1\" aria-expanded=\"false\" aria-controls=\"e-n-accordion-item-1243\" >\n\t\t\t\t\t<span class='e-n-accordion-item-title-header'><div class=\"e-n-accordion-item-title-text\"> Milyen m\u00f3dszereket haszn\u00e1ltok a kik\u00e9pz\u00e9s sor\u00e1n? <\/div><\/span>\n\t\t\t\t\t\t\t<span class='e-n-accordion-item-title-icon'>\n\t\t\t<span class='e-opened' ><svg aria-hidden=\"true\" class=\"e-font-icon-svg e-fas-dog\" viewbox=\"0 0 576 512\" xmlns=\"http:\/\/www.w3.org\/2000\/svg\"><path d=\"M298.06,224,448,277.55V496a16,16,0,0,1-16,16H368a16,16,0,0,1-16-16V384H192V496a16,16,0,0,1-16,16H112a16,16,0,0,1-16-16V282.09C58.84,268.84,32,233.66,32,192a32,32,0,0,1,64,0,32.06,32.06,0,0,0,32,32ZM544,112v32a64,64,0,0,1-64,64H448v35.58L320,197.87V48c0-14.25,17.22-21.39,27.31-11.31L374.59,64h53.63c10.91,0,23.75,7.92,28.62,17.69L464,96h64A16,16,0,0,1,544,112Zm-112,0a16,16,0,1,0-16,16A16,16,0,0,0,432,112Z\"><\/path><\/svg><\/span>\n\t\t\t<span class='e-closed'><svg aria-hidden=\"true\" class=\"e-font-icon-svg e-fas-bone\" viewbox=\"0 0 640 512\" xmlns=\"http:\/\/www.w3.org\/2000\/svg\"><path d=\"M598.88 244.56c25.2-12.6 41.12-38.36 41.12-66.53v-7.64C640 129.3 606.7 96 565.61 96c-32.02 0-60.44 20.49-70.57 50.86-7.68 23.03-11.6 45.14-38.11 45.14H183.06c-27.38 0-31.58-25.54-38.11-45.14C134.83 116.49 106.4 96 74.39 96 33.3 96 0 129.3 0 170.39v7.64c0 28.17 15.92 53.93 41.12 66.53 9.43 4.71 9.43 18.17 0 22.88C15.92 280.04 0 305.8 0 333.97v7.64C0 382.7 33.3 416 74.38 416c32.02 0 60.44-20.49 70.57-50.86 7.68-23.03 11.6-45.14 38.11-45.14h273.87c27.38 0 31.58 25.54 38.11 45.14C505.17 395.51 533.6 416 565.61 416c41.08 0 74.38-33.3 74.38-74.39v-7.64c0-28.18-15.92-53.93-41.12-66.53-9.42-4.71-9.42-18.17.01-22.88z\"><\/path><\/svg><\/span>\n\t\t<\/span>\n\n\t\t\t\t\t\t<\/summary>\n\t\t\t\t<div role=\"region\" aria-labelledby=\"e-n-accordion-item-1243\" class=\"elementor-element elementor-element-0d854a9 e-flex e-con-boxed e-con e-child\" data-id=\"0d854a9\" data-element_type=\"container\">\n\t\t\t\t\t<div class=\"e-con-inner\">\n\t\t\t\t<div class=\"elementor-element elementor-element-cda2fea elementor-widget elementor-widget-text-editor\" data-id=\"cda2fea\" data-element_type=\"widget\" data-widget_type=\"text-editor.default\">\n\t\t\t\t<div class=\"elementor-widget-container\">\n\t\t\t\t\t\t\t\t\t<p>Pozit\u00edv meger\u0151s\u00edt\u00e9sen alapul\u00f3 m\u00f3dszereket alkalmazunk, ami azt jelenti, hogy a kuty\u00e1t jutalmazzuk a k\u00edv\u00e1nt viselked\u00e9s\u00e9rt, hogy motiv\u00e1ljuk \u0151t a tanul\u00e1sra.<\/p>\t\t\t\t\t\t\t\t<\/div>\n\t\t\t\t<\/div>\n\t\t\t\t\t<\/div>\n\t\t\t\t<\/div>\n\t\t\t\t\t<\/details>\n\t\t\t\t\t\t<details id=\"e-n-accordion-item-1244\" class=\"e-n-accordion-item\" >\n\t\t\t\t<summary class=\"e-n-accordion-item-title\" data-accordion-index=\"5\" tabindex=\"-1\" aria-expanded=\"false\" aria-controls=\"e-n-accordion-item-1244\" >\n\t\t\t\t\t<span class='e-n-accordion-item-title-header'><div class=\"e-n-accordion-item-title-text\"> Mi t\u00f6rt\u00e9nik, ha nem vagyok el\u00e9gedett a kik\u00e9pz\u00e9ssel? <\/div><\/span>\n\t\t\t\t\t\t\t<span class='e-n-accordion-item-title-icon'>\n\t\t\t<span class='e-opened' ><svg aria-hidden=\"true\" class=\"e-font-icon-svg e-fas-dog\" viewbox=\"0 0 576 512\" xmlns=\"http:\/\/www.w3.org\/2000\/svg\"><path d=\"M298.06,224,448,277.55V496a16,16,0,0,1-16,16H368a16,16,0,0,1-16-16V384H192V496a16,16,0,0,1-16,16H112a16,16,0,0,1-16-16V282.09C58.84,268.84,32,233.66,32,192a32,32,0,0,1,64,0,32.06,32.06,0,0,0,32,32ZM544,112v32a64,64,0,0,1-64,64H448v35.58L320,197.87V48c0-14.25,17.22-21.39,27.31-11.31L374.59,64h53.63c10.91,0,23.75,7.92,28.62,17.69L464,96h64A16,16,0,0,1,544,112Zm-112,0a16,16,0,1,0-16,16A16,16,0,0,0,432,112Z\"><\/path><\/svg><\/span>\n\t\t\t<span class='e-closed'><svg aria-hidden=\"true\" class=\"e-font-icon-svg e-fas-bone\" viewbox=\"0 0 640 512\" xmlns=\"http:\/\/www.w3.org\/2000\/svg\"><path d=\"M598.88 244.56c25.2-12.6 41.12-38.36 41.12-66.53v-7.64C640 129.3 606.7 96 565.61 96c-32.02 0-60.44 20.49-70.57 50.86-7.68 23.03-11.6 45.14-38.11 45.14H183.06c-27.38 0-31.58-25.54-38.11-45.14C134.83 116.49 106.4 96 74.39 96 33.3 96 0 129.3 0 170.39v7.64c0 28.17 15.92 53.93 41.12 66.53 9.43 4.71 9.43 18.17 0 22.88C15.92 280.04 0 305.8 0 333.97v7.64C0 382.7 33.3 416 74.38 416c32.02 0 60.44-20.49 70.57-50.86 7.68-23.03 11.6-45.14 38.11-45.14h273.87c27.38 0 31.58 25.54 38.11 45.14C505.17 395.51 533.6 416 565.61 416c41.08 0 74.38-33.3 74.38-74.39v-7.64c0-28.18-15.92-53.93-41.12-66.53-9.42-4.71-9.42-18.17.01-22.88z\"><\/path><\/svg><\/span>\n\t\t<\/span>\n\n\t\t\t\t\t\t<\/summary>\n\t\t\t\t<div role=\"region\" aria-labelledby=\"e-n-accordion-item-1244\" class=\"elementor-element elementor-element-b70dba2 e-flex e-con-boxed e-con e-child\" data-id=\"b70dba2\" data-element_type=\"container\">\n\t\t\t\t\t<div class=\"e-con-inner\">\n\t\t\t\t<div class=\"elementor-element elementor-element-eb7d5b5 elementor-widget elementor-widget-text-editor\" data-id=\"eb7d5b5\" data-element_type=\"widget\" data-widget_type=\"text-editor.default\">\n\t\t\t\t<div class=\"elementor-widget-container\">\n\t\t\t\t\t\t\t\t\t<p>C\u00e9lunk, hogy minden gazdi \u00e9s kutya el\u00e9gedett legyen a kik\u00e9pz\u00e9ssel. Ha valamilyen okn\u00e1l fogva nem vagy el\u00e9gedett a szolg\u00e1ltat\u00e1sunkkal, l\u00e9pj vel\u00fcnk kapcsolatba, \u00e9s mindent megtesz\u00fcnk a helyzet jav\u00edt\u00e1sa \u00e9rdek\u00e9ben.<\/p>\t\t\t\t\t\t\t\t<\/div>\n\t\t\t\t<\/div>\n\t\t\t\t\t<\/div>\n\t\t\t\t<\/div>\n\t\t\t\t\t<\/details>\n\t\t\t\t\t<\/div>\n\t\t\t\t\t\t<\/div>\n\t\t\t\t<\/div>\n\t\t\t\t<\/div>\n\t\t<div class=\"elementor-element elementor-element-baf6287 e-con-full e-flex e-con e-child\" data-id=\"baf6287\" data-element_type=\"container\">\n\t\t\t\t<div class=\"elementor-element elementor-element-dc86e4c elementor-widget__width-initial elementor-invisible elementor-widget elementor-widget-heading\" data-id=\"dc86e4c\" data-element_type=\"widget\" data-settings=\"{&quot;_animation&quot;:&quot;fadeInLeft&quot;}\" data-widget_type=\"heading.default\">\n\t\t\t\t<div class=\"elementor-widget-container\">\n\t\t\t\t\t<h2 class=\"elementor-heading-title elementor-size-default\">Tov\u00e1bbi k\u00e9rd\u00e9seid vannak? Kattints ide, \u00e9s vedd fel vel\u00fcnk a kapcsolatot!<\/h2>\t\t\t\t<\/div>\n\t\t\t\t<\/div>\n\t\t<div class=\"elementor-element elementor-element-b1ba2f8 e-con-full e-flex e-con e-child\" data-id=\"b1ba2f8\" data-element_type=\"container\">\n\t\t\t\t<div class=\"elementor-element elementor-element-a9bea9c elementor-align-center elementor-widget__width-initial elementor-widget elementor-widget-button\" data-id=\"a9bea9c\" data-element_type=\"widget\" data-widget_type=\"button.default\">\n\t\t\t\t<div class=\"elementor-widget-container\">\n\t\t\t\t\t\t\t\t\t<div class=\"elementor-button-wrapper\">\n\t\t\t\t\t<a class=\"elementor-button elementor-button-link elementor-size-sm\" href=\"https:\/\/kolt.olaszelet.com\/it\/contatto\/\">\n\t\t\t\t\t\t<span class=\"elementor-button-content-wrapper\">\n\t\t\t\t\t\t\t\t\t<span class=\"elementor-button-text\">Contatto<\/span>\n\t\t\t\t\t<\/span>\n\t\t\t\t\t<\/a>\n\t\t\t\t<\/div>\n\t\t\t\t\t\t\t\t<\/div>\n\t\t\t\t<\/div>\n\t\t\t\t<\/div>\n\t\t\t\t<\/div>\n\t\t\t\t<\/div>\n\t\t\t\t<\/div>\n\t\t\t\t<\/div>\n\t\t\t\t<\/div>\n\t\t\t\t<\/div>","protected":false},"excerpt":{"rendered":"<p>Gyakran Ism\u00e9telt K\u00e9rd\u00e9sek Tudjuk, hogy a kutyakik\u00e9pz\u00e9s sor\u00e1n sok k\u00e9rd\u00e9s mer\u00fclhet fel. Az al\u00e1bbiakban \u00f6sszegy\u0171jt\u00f6tt\u00fck a leggyakrabban felmer\u00fcl\u0151 k\u00e9rd\u00e9seket, hogy seg\u00edts\u00fcnk neked a legjobb d\u00f6nt\u00e9st hozni. Milyen korban kell elkezdeni a kutyakik\u00e9pz\u00e9st? A kik\u00e9pz\u00e9st ak\u00e1r m\u00e1r 8-10 hetes korban el lehet kezdeni a kiskuty\u00e1val. Term\u00e9szetesen soha nem k\u00e9s\u0151 elkezdeni a kik\u00e9pz\u00e9st, de min\u00e9l hamarabb kezd\u0151dik, [&hellip;]<\/p>","protected":false},"author":1,"featured_media":0,"parent":0,"menu_order":0,"comment_status":"closed","ping_status":"closed","template":"","meta":{"site-sidebar-layout":"no-sidebar","site-content-layout":"page-builder","ast-site-content-layout":"full-width-container","site-content-style":"unboxed","site-sidebar-style":"unboxed","ast-global-header-display":"","ast-banner-title-visibility":"","ast-main-header-display":"","ast-hfb-above-header-display":"","ast-hfb-below-header-display":"","ast-hfb-mobile-header-display":"","site-post-title":"disabled","ast-breadcrumbs-content":"","ast-featured-img":"disabled","footer-sml-layout":"","theme-transparent-header-meta":"enabled","adv-header-id-meta":"","stick-header-meta":"","header-above-stick-meta":"","header-main-stick-meta":"","header-below-stick-meta":"","astra-migrate-meta-layouts":"set","ast-page-background-enabled":"default","ast-page-background-meta":{"desktop":{"background-color":"var(--ast-global-color-4)","background-image":"","background-repeat":"repeat","background-position":"center center","background-size":"auto","background-attachment":"scroll","background-type":"","background-media":"","overlay-type":"","overlay-color":"","overlay-opacity":"","overlay-gradient":""},"tablet":{"background-color":"","background-image":"","background-repeat":"repeat","background-position":"center center","background-size":"auto","background-attachment":"scroll","background-type":"","background-media":"","overlay-type":"","overlay-color":"","overlay-opacity":"","overlay-gradient":""},"mobile":{"background-color":"","background-image":"","background-repeat":"repeat","background-position":"center center","background-size":"auto","background-attachment":"scroll","background-type":"","background-media":"","overlay-type":"","overlay-color":"","overlay-opacity":"","overlay-gradient":""}},"ast-content-background-meta":{"desktop":{"background-color":"var(--ast-global-color-5)","background-image":"","background-repeat":"repeat","background-position":"center center","background-size":"auto","background-attachment":"scroll","background-type":"","background-media":"","overlay-type":"","overlay-color":"","overlay-opacity":"","overlay-gradient":""},"tablet":{"background-color":"var(--ast-global-color-5)","background-image":"","background-repeat":"repeat","background-position":"center center","background-size":"auto","background-attachment":"scroll","background-type":"","background-media":"","overlay-type":"","overlay-color":"","overlay-opacity":"","overlay-gradient":""},"mobile":{"background-color":"var(--ast-global-color-5)","background-image":"","background-repeat":"repeat","background-position":"center center","background-size":"auto","background-attachment":"scroll","background-type":"","background-media":"","overlay-type":"","overlay-color":"","overlay-opacity":"","overlay-gradient":""}},"footnotes":""},"class_list":["post-938","page","type-page","status-publish","hentry"],"_links":{"self":[{"href":"https:\/\/kolt.olaszelet.com\/it\/wp-json\/wp\/v2\/pages\/938","targetHints":{"allow":["GET"]}}],"collection":[{"href":"https:\/\/kolt.olaszelet.com\/it\/wp-json\/wp\/v2\/pages"}],"about":[{"href":"https:\/\/kolt.olaszelet.com\/it\/wp-json\/wp\/v2\/types\/page"}],"author":[{"embeddable":true,"href":"https:\/\/kolt.olaszelet.com\/it\/wp-json\/wp\/v2\/users\/1"}],"replies":[{"embeddable":true,"href":"https:\/\/kolt.olaszelet.com\/it\/wp-json\/wp\/v2\/comments?post=938"}],"version-history":[{"count":40,"href":"https:\/\/kolt.olaszelet.com\/it\/wp-json\/wp\/v2\/pages\/938\/revisions"}],"predecessor-version":[{"id":2140,"href":"https:\/\/kolt.olaszelet.com\/it\/wp-json\/wp\/v2\/pages\/938\/revisions\/2140"}],"wp:attachment":[{"href":"https:\/\/kolt.olaszelet.com\/it\/wp-json\/wp\/v2\/media?parent=938"}],"curies":[{"name":"wp","href":"https:\/\/api.w.org\/{rel}","templated":true}]}}