{"id":1952,"date":"2025-02-10T07:07:25","date_gmt":"2025-02-10T07:07:25","guid":{"rendered":"https:\/\/kolt.olaszelet.com\/?page_id=1952"},"modified":"2025-02-10T07:32:00","modified_gmt":"2025-02-10T07:32:00","slug":"blog","status":"publish","type":"page","link":"https:\/\/kolt.olaszelet.com\/it\/blog\/","title":{"rendered":"Blog"},"content":{"rendered":"<div data-elementor-type=\"wp-page\" data-elementor-id=\"1952\" class=\"elementor elementor-1952\" data-elementor-post-type=\"page\">\n\t\t\t\t<div class=\"elementor-element elementor-element-5b354e6 e-flex e-con-boxed e-con e-parent\" data-id=\"5b354e6\" data-element_type=\"container\">\n\t\t\t\t\t<div class=\"e-con-inner\">\n\t\t<div class=\"elementor-element elementor-element-0aabfb2 e-con-full e-flex e-con e-child\" data-id=\"0aabfb2\" data-element_type=\"container\">\n\t\t\t\t<div class=\"elementor-element elementor-element-9208e7a elementor-grid-3 elementor-grid-tablet-2 elementor-grid-mobile-1 elementor-posts--thumbnail-top elementor-widget elementor-widget-posts\" data-id=\"9208e7a\" data-element_type=\"widget\" data-settings=\"{&quot;classic_columns&quot;:&quot;3&quot;,&quot;classic_columns_tablet&quot;:&quot;2&quot;,&quot;classic_columns_mobile&quot;:&quot;1&quot;,&quot;classic_row_gap&quot;:{&quot;unit&quot;:&quot;px&quot;,&quot;size&quot;:35,&quot;sizes&quot;:[]},&quot;classic_row_gap_tablet&quot;:{&quot;unit&quot;:&quot;px&quot;,&quot;size&quot;:&quot;&quot;,&quot;sizes&quot;:[]},&quot;classic_row_gap_mobile&quot;:{&quot;unit&quot;:&quot;px&quot;,&quot;size&quot;:&quot;&quot;,&quot;sizes&quot;:[]}}\" data-widget_type=\"posts.classic\">\n\t\t\t\t<div class=\"elementor-widget-container\">\n\t\t\t\t\t\t\t<div class=\"elementor-posts-container elementor-posts elementor-posts--skin-classic elementor-grid\" role=\"list\">\n\t\t\t\t<article class=\"elementor-post elementor-grid-item post-1600 post type-post status-publish format-standard has-post-thumbnail hentry category-blog\" role=\"listitem\">\n\t\t\t\t<a class=\"elementor-post__thumbnail__link\" href=\"https:\/\/kolt.olaszelet.com\/it\/mikor-kezdjuk-a-kutyak-kikepzeset\/\" tabindex=\"-1\" >\n\t\t\t<div class=\"elementor-post__thumbnail\"><img fetchpriority=\"high\" decoding=\"async\" width=\"600\" height=\"398\" src=\"https:\/\/kolt.olaszelet.com\/wp-content\/uploads\/2025\/02\/pocok.webp\" class=\"attachment-full size-full wp-image-1601\" alt=\"\" srcset=\"https:\/\/kolt.olaszelet.com\/wp-content\/uploads\/2025\/02\/pocok.webp 600w, https:\/\/kolt.olaszelet.com\/wp-content\/uploads\/2025\/02\/pocok-300x199.webp 300w\" sizes=\"(max-width: 600px) 100vw, 600px\" \/><\/div>\n\t\t<\/a>\n\t\t\t\t<div class=\"elementor-post__text\">\n\t\t\t\t<h3 class=\"elementor-post__title\">\n\t\t\t<a href=\"https:\/\/kolt.olaszelet.com\/it\/mikor-kezdjuk-a-kutyak-kikepzeset\/\" >\n\t\t\t\tMikor kezdj\u00fck a kuty\u00e1k kik\u00e9pz\u00e9s\u00e9t?\t\t\t<\/a>\n\t\t<\/h3>\n\t\t\t\t<div class=\"elementor-post__meta-data\">\n\t\t\t\t\t<span class=\"elementor-post-date\">\n\t\t\tFebbraio 6, 2025\t\t<\/span>\n\t\t\t\t<\/div>\n\t\t\t\t<div class=\"elementor-post__excerpt\">\n\t\t\t<p>Sokan teszik fel a k\u00e9rd\u00e9st, hogy mikor a legjobb elkezdeni a kuty\u00e1k kik\u00e9pz\u00e9s\u00e9t. Az igazs\u00e1g az, hogy min\u00e9l el\u0151bb elkezdj\u00fck a kik\u00e9pz\u00e9st, ann\u00e1l jobb. &nbsp;<\/p>\n\t\t<\/div>\n\t\t\n\t\t<a class=\"elementor-post__read-more\" href=\"https:\/\/kolt.olaszelet.com\/it\/mikor-kezdjuk-a-kutyak-kikepzeset\/\" aria-label=\"Read more about Mikor kezdj\u00fck a kuty\u00e1k kik\u00e9pz\u00e9s\u00e9t?\" tabindex=\"-1\" >\n\t\t\tTov\u00e1bb olvasom \u00bb\t\t<\/a>\n\n\t\t\t\t<\/div>\n\t\t\t\t<\/article>\n\t\t\t\t<article class=\"elementor-post elementor-grid-item post-1598 post type-post status-publish format-standard has-post-thumbnail hentry category-blog\" role=\"listitem\">\n\t\t\t\t<a class=\"elementor-post__thumbnail__link\" href=\"https:\/\/kolt.olaszelet.com\/it\/a-csoportos-trening-elonyei\/\" tabindex=\"-1\" >\n\t\t\t<div class=\"elementor-post__thumbnail\"><img decoding=\"async\" width=\"600\" height=\"400\" src=\"https:\/\/kolt.olaszelet.com\/wp-content\/uploads\/2025\/02\/blog4.webp\" class=\"attachment-full size-full wp-image-1608\" alt=\"\" srcset=\"https:\/\/kolt.olaszelet.com\/wp-content\/uploads\/2025\/02\/blog4.webp 600w, https:\/\/kolt.olaszelet.com\/wp-content\/uploads\/2025\/02\/blog4-300x200.webp 300w\" sizes=\"(max-width: 600px) 100vw, 600px\" \/><\/div>\n\t\t<\/a>\n\t\t\t\t<div class=\"elementor-post__text\">\n\t\t\t\t<h3 class=\"elementor-post__title\">\n\t\t\t<a href=\"https:\/\/kolt.olaszelet.com\/it\/a-csoportos-trening-elonyei\/\" >\n\t\t\t\tA csoportos tr\u00e9ning el\u0151nyei\t\t\t<\/a>\n\t\t<\/h3>\n\t\t\t\t<div class=\"elementor-post__meta-data\">\n\t\t\t\t\t<span class=\"elementor-post-date\">\n\t\t\tFebbraio 6, 2025\t\t<\/span>\n\t\t\t\t<\/div>\n\t\t\t\t<div class=\"elementor-post__excerpt\">\n\t\t\t<p>A csoportos tr\u00e9ning nagyszer\u0171 lehet\u0151s\u00e9g a kuty\u00e1knak, hogy megtanulj\u00e1k, hogyan viselkedjenek m\u00e1s kuty\u00e1kkal \u00e9s emberekkel. Az al\u00e1bbiakban bemutatjuk, hogy milyen el\u0151ny\u00f6kkel j\u00e1r a csoportos tr\u00e9ning<\/p>\n\t\t<\/div>\n\t\t\n\t\t<a class=\"elementor-post__read-more\" href=\"https:\/\/kolt.olaszelet.com\/it\/a-csoportos-trening-elonyei\/\" aria-label=\"Read more about A csoportos tr\u00e9ning el\u0151nyei\" tabindex=\"-1\" >\n\t\t\tTov\u00e1bb olvasom \u00bb\t\t<\/a>\n\n\t\t\t\t<\/div>\n\t\t\t\t<\/article>\n\t\t\t\t<article class=\"elementor-post elementor-grid-item post-1595 post type-post status-publish format-standard has-post-thumbnail hentry category-blog\" role=\"listitem\">\n\t\t\t\t<a class=\"elementor-post__thumbnail__link\" href=\"https:\/\/kolt.olaszelet.com\/it\/hogyan-segithet-a-jutalmazas-a-kutyakikepzesben\/\" tabindex=\"-1\" >\n\t\t\t<div class=\"elementor-post__thumbnail\"><img decoding=\"async\" width=\"600\" height=\"400\" src=\"https:\/\/kolt.olaszelet.com\/wp-content\/uploads\/2025\/02\/blog.webp\" class=\"attachment-full size-full wp-image-1596\" alt=\"\" srcset=\"https:\/\/kolt.olaszelet.com\/wp-content\/uploads\/2025\/02\/blog.webp 600w, https:\/\/kolt.olaszelet.com\/wp-content\/uploads\/2025\/02\/blog-300x200.webp 300w\" sizes=\"(max-width: 600px) 100vw, 600px\" \/><\/div>\n\t\t<\/a>\n\t\t\t\t<div class=\"elementor-post__text\">\n\t\t\t\t<h3 class=\"elementor-post__title\">\n\t\t\t<a href=\"https:\/\/kolt.olaszelet.com\/it\/hogyan-segithet-a-jutalmazas-a-kutyakikepzesben\/\" >\n\t\t\t\tHogyan seg\u00edthet a jutalmaz\u00e1s a kutyakik\u00e9pz\u00e9sben?&#8221;\t\t\t<\/a>\n\t\t<\/h3>\n\t\t\t\t<div class=\"elementor-post__meta-data\">\n\t\t\t\t\t<span class=\"elementor-post-date\">\n\t\t\tFebbraio 6, 2025\t\t<\/span>\n\t\t\t\t<\/div>\n\t\t\t\t<div class=\"elementor-post__excerpt\">\n\t\t\t<p>A jutalmaz\u00e1s fontos r\u00e9sze a pozit\u00edv meger\u0151s\u00edt\u00e9ses kik\u00e9pz\u00e9si m\u00f3dszernek, ami napjainkban a legn\u00e9pszer\u0171bb \u00e9s leggyakrabban haszn\u00e1lt kutyakik\u00e9pz\u00e9si m\u00f3dszer. De hogyan m\u0171k\u00f6dik a jutalmaz\u00e1s, \u00e9s hogyan<\/p>\n\t\t<\/div>\n\t\t\n\t\t<a class=\"elementor-post__read-more\" href=\"https:\/\/kolt.olaszelet.com\/it\/hogyan-segithet-a-jutalmazas-a-kutyakikepzesben\/\" aria-label=\"Read more about Hogyan seg\u00edthet a jutalmaz\u00e1s a kutyakik\u00e9pz\u00e9sben?&#8221;\" tabindex=\"-1\" >\n\t\t\tTov\u00e1bb olvasom \u00bb\t\t<\/a>\n\n\t\t\t\t<\/div>\n\t\t\t\t<\/article>\n\t\t\t\t<\/div>\n\t\t\n\t\t\t\t\t\t<\/div>\n\t\t\t\t<\/div>\n\t\t\t\t<\/div>\n\t\t\t\t\t<\/div>\n\t\t\t\t<\/div>\n\t\t\t\t<\/div>","protected":false},"excerpt":{"rendered":"","protected":false},"author":1,"featured_media":0,"parent":0,"menu_order":0,"comment_status":"closed","ping_status":"closed","template":"","meta":{"site-sidebar-layout":"no-sidebar","site-content-layout":"page-builder","ast-site-content-layout":"full-width-container","site-content-style":"default","site-sidebar-style":"default","ast-global-header-display":"","ast-banner-title-visibility":"","ast-main-header-display":"","ast-hfb-above-header-display":"","ast-hfb-below-header-display":"","ast-hfb-mobile-header-display":"","site-post-title":"disabled","ast-breadcrumbs-content":"","ast-featured-img":"disabled","footer-sml-layout":"","theme-transparent-header-meta":"default","adv-header-id-meta":"","stick-header-meta":"","header-above-stick-meta":"","header-main-stick-meta":"","header-below-stick-meta":"","astra-migrate-meta-layouts":"set","ast-page-background-enabled":"default","ast-page-background-meta":{"desktop":{"background-color":"var(--ast-global-color-4)","background-image":"","background-repeat":"repeat","background-position":"center center","background-size":"auto","background-attachment":"scroll","background-type":"","background-media":"","overlay-type":"","overlay-color":"","overlay-opacity":"","overlay-gradient":""},"tablet":{"background-color":"","background-image":"","background-repeat":"repeat","background-position":"center center","background-size":"auto","background-attachment":"scroll","background-type":"","background-media":"","overlay-type":"","overlay-color":"","overlay-opacity":"","overlay-gradient":""},"mobile":{"background-color":"","background-image":"","background-repeat":"repeat","background-position":"center center","background-size":"auto","background-attachment":"scroll","background-type":"","background-media":"","overlay-type":"","overlay-color":"","overlay-opacity":"","overlay-gradient":""}},"ast-content-background-meta":{"desktop":{"background-color":"var(--ast-global-color-5)","background-image":"","background-repeat":"repeat","background-position":"center center","background-size":"auto","background-attachment":"scroll","background-type":"","background-media":"","overlay-type":"","overlay-color":"","overlay-opacity":"","overlay-gradient":""},"tablet":{"background-color":"var(--ast-global-color-5)","background-image":"","background-repeat":"repeat","background-position":"center center","background-size":"auto","background-attachment":"scroll","background-type":"","background-media":"","overlay-type":"","overlay-color":"","overlay-opacity":"","overlay-gradient":""},"mobile":{"background-color":"var(--ast-global-color-5)","background-image":"","background-repeat":"repeat","background-position":"center center","background-size":"auto","background-attachment":"scroll","background-type":"","background-media":"","overlay-type":"","overlay-color":"","overlay-opacity":"","overlay-gradient":""}},"footnotes":""},"class_list":["post-1952","page","type-page","status-publish","hentry"],"_links":{"self":[{"href":"https:\/\/kolt.olaszelet.com\/it\/wp-json\/wp\/v2\/pages\/1952","targetHints":{"allow":["GET"]}}],"collection":[{"href":"https:\/\/kolt.olaszelet.com\/it\/wp-json\/wp\/v2\/pages"}],"about":[{"href":"https:\/\/kolt.olaszelet.com\/it\/wp-json\/wp\/v2\/types\/page"}],"author":[{"embeddable":true,"href":"https:\/\/kolt.olaszelet.com\/it\/wp-json\/wp\/v2\/users\/1"}],"replies":[{"embeddable":true,"href":"https:\/\/kolt.olaszelet.com\/it\/wp-json\/wp\/v2\/comments?post=1952"}],"version-history":[{"count":10,"href":"https:\/\/kolt.olaszelet.com\/it\/wp-json\/wp\/v2\/pages\/1952\/revisions"}],"predecessor-version":[{"id":1978,"href":"https:\/\/kolt.olaszelet.com\/it\/wp-json\/wp\/v2\/pages\/1952\/revisions\/1978"}],"wp:attachment":[{"href":"https:\/\/kolt.olaszelet.com\/it\/wp-json\/wp\/v2\/media?parent=1952"}],"curies":[{"name":"wp","href":"https:\/\/api.w.org\/{rel}","templated":true}]}}