{"id":739,"date":"2025-02-04T17:25:49","date_gmt":"2025-02-04T17:25:49","guid":{"rendered":"https:\/\/kolt.olaszelet.com\/program\/"},"modified":"2025-02-14T06:13:56","modified_gmt":"2025-02-14T06:13:56","slug":"szolgaltatasaink-es-araink","status":"publish","type":"page","link":"https:\/\/kolt.olaszelet.com\/en\/szolgaltatasaink-es-araink\/","title":{"rendered":"Our services and prices"},"content":{"rendered":"<div data-elementor-type=\"wp-page\" data-elementor-id=\"739\" class=\"elementor elementor-739\" data-elementor-post-type=\"page\">\n\t\t\t\t<div class=\"elementor-element elementor-element-6b9075a e-flex e-con-boxed e-con e-parent\" data-id=\"6b9075a\" data-element_type=\"container\" data-settings=\"{&quot;background_background&quot;:&quot;classic&quot;}\">\n\t\t\t\t\t<div class=\"e-con-inner\">\n\t\t<div class=\"elementor-element elementor-element-b752f07 e-con-full e-flex e-con e-child\" data-id=\"b752f07\" data-element_type=\"container\">\n\t\t<div class=\"elementor-element elementor-element-14b0c19 e-con-full e-flex e-con e-child\" data-id=\"14b0c19\" data-element_type=\"container\">\n\t\t<div class=\"elementor-element elementor-element-32647f2 e-con-full e-flex e-con e-child\" data-id=\"32647f2\" data-element_type=\"container\">\n\t\t\t\t<div class=\"elementor-element elementor-element-076c624 elementor-invisible elementor-widget elementor-widget-heading\" data-id=\"076c624\" data-element_type=\"widget\" data-settings=\"{&quot;_animation&quot;:&quot;fadeInLeft&quot;}\" data-widget_type=\"heading.default\">\n\t\t\t\t<div class=\"elementor-widget-container\">\n\t\t\t\t\t<h6 class=\"elementor-heading-title elementor-size-default\">Our services and prices<\/h6>\t\t\t\t<\/div>\n\t\t\t\t<\/div>\n\t\t\t\t<div class=\"elementor-element elementor-element-c5c22b2 elementor-widget elementor-widget-text-editor\" data-id=\"c5c22b2\" data-element_type=\"widget\" data-widget_type=\"text-editor.default\">\n\t\t\t\t<div class=\"elementor-widget-container\">\n\t\t\t\t\t\t\t\t\t<p>K\u00fcl\u00f6nb\u00f6z\u0151 kik\u00e9pz\u00e9si csomagokat k\u00edn\u00e1lunk, hogy minden kuty\u00e1nak \u00e9s gazdinak a legmegfelel\u0151bb opci\u00f3t tudjuk ny\u00fajtani. Minden csomagot \u00fagy alak\u00edtottunk ki, hogy az a legjobban illeszkedjen a k\u00fcl\u00f6nb\u00f6z\u0151 ig\u00e9nyekhez \u00e9s elv\u00e1r\u00e1sokhoz. N\u00e9zd meg az al\u00e1bbi csomagjainkat \u00e9s v\u00e1laszd ki a legmegfelel\u0151bbet!<\/p>\t\t\t\t\t\t\t\t<\/div>\n\t\t\t\t<\/div>\n\t\t\t\t<\/div>\n\t\t\t\t<\/div>\n\t\t\t\t<\/div>\n\t\t\t\t\t<\/div>\n\t\t\t\t<\/div>\n\t\t<div class=\"elementor-element elementor-element-4baa47e e-flex e-con-boxed e-con e-parent\" data-id=\"4baa47e\" data-element_type=\"container\" data-settings=\"{&quot;background_background&quot;:&quot;classic&quot;}\">\n\t\t\t\t\t<div class=\"e-con-inner\">\n\t\t<div class=\"elementor-element elementor-element-f834b0f e-con-full e-flex e-con e-child\" data-id=\"f834b0f\" data-element_type=\"container\">\n\t\t\t\t<div class=\"elementor-element elementor-element-dbe9acf elementor-view-default elementor-position-top elementor-mobile-position-top elementor-widget elementor-widget-icon-box\" data-id=\"dbe9acf\" data-element_type=\"widget\" data-widget_type=\"icon-box.default\">\n\t\t\t\t<div class=\"elementor-widget-container\">\n\t\t\t\t\t\t\t<div class=\"elementor-icon-box-wrapper\">\n\n\t\t\t\t\t\t<div class=\"elementor-icon-box-icon\">\n\t\t\t\t<span  class=\"elementor-icon\">\n\t\t\t\t<svg aria-hidden=\"true\" class=\"e-font-icon-svg e-fas-dog\" viewbox=\"0 0 576 512\" xmlns=\"http:\/\/www.w3.org\/2000\/svg\"><path d=\"M298.06,224,448,277.55V496a16,16,0,0,1-16,16H368a16,16,0,0,1-16-16V384H192V496a16,16,0,0,1-16,16H112a16,16,0,0,1-16-16V282.09C58.84,268.84,32,233.66,32,192a32,32,0,0,1,64,0,32.06,32.06,0,0,0,32,32ZM544,112v32a64,64,0,0,1-64,64H448v35.58L320,197.87V48c0-14.25,17.22-21.39,27.31-11.31L374.59,64h53.63c10.91,0,23.75,7.92,28.62,17.69L464,96h64A16,16,0,0,1,544,112Zm-112,0a16,16,0,1,0-16,16A16,16,0,0,0,432,112Z\"><\/path><\/svg>\t\t\t\t<\/span>\n\t\t\t<\/div>\n\t\t\t\n\t\t\t\t\t\t<div class=\"elementor-icon-box-content\">\n\n\t\t\t\t\t\t\t\t\t<h3 class=\"elementor-icon-box-title\">\n\t\t\t\t\t\t<span  >\n\t\t\t\t\t\t\tBasic training\t\t\t\t\t\t<\/span>\n\t\t\t\t\t<\/h3>\n\t\t\t\t\n\t\t\t\t\t\t\t\t\t<p class=\"elementor-icon-box-description\">\n\t\t\t\t\t\tAz alapkik\u00e9pz\u00e9s a kutya alapvet\u0151 parancsok megtanul\u00e1s\u00e1ra ir\u00e1nyul\nAz alapkik\u00e9pz\u00e9s az alapvet\u0151 parancsokra \u00e9s viselked\u00e9si szab\u00e1lyokra \u00f6sszpontos\u00edt, mint p\u00e9ld\u00e1ul az \u00fcl, fekszik, marad \u00e9s j\u00f6jj. Az alapkik\u00e9pz\u00e9s seg\u00edt a kuty\u00e1nak meg\u00e9rteni a gazdi elv\u00e1r\u00e1sait \u00e9s jav\u00edtja a gazdi \u00e9s a kutya k\u00f6z\u00f6tti kommunik\u00e1ci\u00f3t.\n5 h\u00e9tig tart, heti 1 alkalommal, 60 perces foglalkoz\u00e1sokkal.\n\t\t\t\t\t<\/p>\n\t\t\t\t\n\t\t\t<\/div>\n\t\t\t\n\t\t<\/div>\n\t\t\t\t\t\t<\/div>\n\t\t\t\t<\/div>\n\t\t\t\t<div class=\"elementor-element elementor-element-5c0eb40 elementor-widget elementor-widget-heading\" data-id=\"5c0eb40\" data-element_type=\"widget\" data-widget_type=\"heading.default\">\n\t\t\t\t<div class=\"elementor-widget-container\">\n\t\t\t\t\t<h2 class=\"elementor-heading-title elementor-size-default\">\u00c1ra: 50.000 Ft<\/h2>\t\t\t\t<\/div>\n\t\t\t\t<\/div>\n\t\t\t\t<\/div>\n\t\t<div class=\"elementor-element elementor-element-8000046 e-con-full e-flex e-con e-child\" data-id=\"8000046\" data-element_type=\"container\">\n\t\t\t\t<div class=\"elementor-element elementor-element-3ff0a0e elementor-view-default elementor-position-top elementor-mobile-position-top elementor-widget elementor-widget-icon-box\" data-id=\"3ff0a0e\" data-element_type=\"widget\" data-widget_type=\"icon-box.default\">\n\t\t\t\t<div class=\"elementor-widget-container\">\n\t\t\t\t\t\t\t<div class=\"elementor-icon-box-wrapper\">\n\n\t\t\t\t\t\t<div class=\"elementor-icon-box-icon\">\n\t\t\t\t<span  class=\"elementor-icon\">\n\t\t\t\t<svg aria-hidden=\"true\" class=\"e-font-icon-svg e-fas-puzzle-piece\" viewbox=\"0 0 576 512\" xmlns=\"http:\/\/www.w3.org\/2000\/svg\"><path d=\"M519.442 288.651c-41.519 0-59.5 31.593-82.058 31.593C377.409 320.244 432 144 432 144s-196.288 80-196.288-3.297c0-35.827 36.288-46.25 36.288-85.985C272 19.216 243.885 0 210.539 0c-34.654 0-66.366 18.891-66.366 56.346 0 41.364 31.711 59.277 31.711 81.75C175.885 207.719 0 166.758 0 166.758v333.237s178.635 41.047 178.635-28.662c0-22.473-40-40.107-40-81.471 0-37.456 29.25-56.346 63.577-56.346 33.673 0 61.788 19.216 61.788 54.717 0 39.735-36.288 50.158-36.288 85.985 0 60.803 129.675 25.73 181.23 25.73 0 0-34.725-120.101 25.827-120.101 35.962 0 46.423 36.152 86.308 36.152C556.712 416 576 387.99 576 354.443c0-34.199-18.962-65.792-56.558-65.792z\"><\/path><\/svg>\t\t\t\t<\/span>\n\t\t\t<\/div>\n\t\t\t\n\t\t\t\t\t\t<div class=\"elementor-icon-box-content\">\n\n\t\t\t\t\t\t\t\t\t<h3 class=\"elementor-icon-box-title\">\n\t\t\t\t\t\t<span  >\n\t\t\t\t\t\t\tProblem solving training\t\t\t\t\t\t<\/span>\n\t\t\t\t\t<\/h3>\n\t\t\t\t\n\t\t\t\t\t\t\t\t\t<p class=\"elementor-icon-box-description\">\n\t\t\t\t\t\tA probl\u00e9mamegold\u00f3 tr\u00e9ning azoknak a kuty\u00e1knak sz\u00f3l, akik speci\u00e1lis viselked\u00e9si probl\u00e9m\u00e1kkal k\u00fczdenek, mint p\u00e9ld\u00e1ul agresszi\u00f3, szepar\u00e1ci\u00f3s szorong\u00e1s stb. \nA tr\u00e9ning 8 h\u00e9tig tart, heti 2 alkalommal, 60 perces foglalkoz\u00e1sokkal.\n\t\t\t\t\t<\/p>\n\t\t\t\t\n\t\t\t<\/div>\n\t\t\t\n\t\t<\/div>\n\t\t\t\t\t\t<\/div>\n\t\t\t\t<\/div>\n\t\t\t\t<div class=\"elementor-element elementor-element-5cc567f elementor-widget elementor-widget-heading\" data-id=\"5cc567f\" data-element_type=\"widget\" data-widget_type=\"heading.default\">\n\t\t\t\t<div class=\"elementor-widget-container\">\n\t\t\t\t\t<h2 class=\"elementor-heading-title elementor-size-default\">\u00c1r: 80.000 Ft<\/h2>\t\t\t\t<\/div>\n\t\t\t\t<\/div>\n\t\t\t\t<\/div>\n\t\t<div class=\"elementor-element elementor-element-cab0536 e-con-full e-flex e-con e-child\" data-id=\"cab0536\" data-element_type=\"container\">\n\t\t\t\t<div class=\"elementor-element elementor-element-12c52c3 elementor-view-default elementor-position-top elementor-mobile-position-top elementor-widget elementor-widget-icon-box\" data-id=\"12c52c3\" data-element_type=\"widget\" data-widget_type=\"icon-box.default\">\n\t\t\t\t<div class=\"elementor-widget-container\">\n\t\t\t\t\t\t\t<div class=\"elementor-icon-box-wrapper\">\n\n\t\t\t\t\t\t<div class=\"elementor-icon-box-icon\">\n\t\t\t\t<span  class=\"elementor-icon\">\n\t\t\t\t<svg aria-hidden=\"true\" class=\"e-font-icon-svg e-fas-users\" viewbox=\"0 0 640 512\" xmlns=\"http:\/\/www.w3.org\/2000\/svg\"><path d=\"M96 224c35.3 0 64-28.7 64-64s-28.7-64-64-64-64 28.7-64 64 28.7 64 64 64zm448 0c35.3 0 64-28.7 64-64s-28.7-64-64-64-64 28.7-64 64 28.7 64 64 64zm32 32h-64c-17.6 0-33.5 7.1-45.1 18.6 40.3 22.1 68.9 62 75.1 109.4h66c17.7 0 32-14.3 32-32v-32c0-35.3-28.7-64-64-64zm-256 0c61.9 0 112-50.1 112-112S381.9 32 320 32 208 82.1 208 144s50.1 112 112 112zm76.8 32h-8.3c-20.8 10-43.9 16-68.5 16s-47.6-6-68.5-16h-8.3C179.6 288 128 339.6 128 403.2V432c0 26.5 21.5 48 48 48h288c26.5 0 48-21.5 48-48v-28.8c0-63.6-51.6-115.2-115.2-115.2zm-223.7-13.4C161.5 263.1 145.6 256 128 256H64c-35.3 0-64 28.7-64 64v32c0 17.7 14.3 32 32 32h65.9c6.3-47.4 34.9-87.3 75.2-109.4z\"><\/path><\/svg>\t\t\t\t<\/span>\n\t\t\t<\/div>\n\t\t\t\n\t\t\t\t\t\t<div class=\"elementor-icon-box-content\">\n\n\t\t\t\t\t\t\t\t\t<h3 class=\"elementor-icon-box-title\">\n\t\t\t\t\t\t<span  >\n\t\t\t\t\t\t\tGroup sessions\t\t\t\t\t\t<\/span>\n\t\t\t\t\t<\/h3>\n\t\t\t\t\n\t\t\t\t\t\t\t\t\t<p class=\"elementor-icon-box-description\">\n\t\t\t\t\t\tA csoportos foglalkoz\u00e1sok lehet\u0151s\u00e9get adnak a kuty\u00e1knak a szoci\u00e1lis k\u00e9szs\u00e9geik fejleszt\u00e9s\u00e9re \u00e9s a gazdiknak pedig arra, hogy tapasztalataikat megossz\u00e1k egym\u00e1ssal. A foglalkoz\u00e1sok lehet\u0151s\u00e9get biztos\u00edtanak a kuty\u00e1knak a t\u00f6bbi kuty\u00e1val val\u00f3 interakci\u00f3ra. A kuty\u00e1k k\u00f6z\u00f6s j\u00e1t\u00e9kokban vesznek r\u00e9szt \u00e9s k\u00fcl\u00f6nb\u00f6z\u0151 feladatokat oldanak meg.4 h\u00e9tig tart, heti 2 alkalommal, 90 perces foglalkoz\u00e1sokkal.\n\t\t\t\t\t<\/p>\n\t\t\t\t\n\t\t\t<\/div>\n\t\t\t\n\t\t<\/div>\n\t\t\t\t\t\t<\/div>\n\t\t\t\t<\/div>\n\t\t\t\t<div class=\"elementor-element elementor-element-6b7398b elementor-widget elementor-widget-heading\" data-id=\"6b7398b\" data-element_type=\"widget\" data-widget_type=\"heading.default\">\n\t\t\t\t<div class=\"elementor-widget-container\">\n\t\t\t\t\t<h2 class=\"elementor-heading-title elementor-size-default\">\u00c1r: 40.000 Ft<\/h2>\t\t\t\t<\/div>\n\t\t\t\t<\/div>\n\t\t\t\t<\/div>\n\t\t<div class=\"elementor-element elementor-element-fed6d36 e-con-full e-flex e-con e-child\" data-id=\"fed6d36\" data-element_type=\"container\">\n\t\t\t\t<div class=\"elementor-element elementor-element-ce688a0 elementor-view-default elementor-position-top elementor-mobile-position-top elementor-widget elementor-widget-icon-box\" data-id=\"ce688a0\" data-element_type=\"widget\" data-widget_type=\"icon-box.default\">\n\t\t\t\t<div class=\"elementor-widget-container\">\n\t\t\t\t\t\t\t<div class=\"elementor-icon-box-wrapper\">\n\n\t\t\t\t\t\t<div class=\"elementor-icon-box-icon\">\n\t\t\t\t<span  class=\"elementor-icon\">\n\t\t\t\t<svg aria-hidden=\"true\" class=\"e-font-icon-svg e-fas-star\" viewbox=\"0 0 576 512\" xmlns=\"http:\/\/www.w3.org\/2000\/svg\"><path d=\"M259.3 17.8L194 150.2 47.9 171.5c-26.2 3.8-36.7 36.1-17.7 54.6l105.7 103-25 145.5c-4.5 26.3 23.2 46 46.4 33.7L288 439.6l130.7 68.7c23.2 12.2 50.9-7.4 46.4-33.7l-25-145.5 105.7-103c19-18.5 8.5-50.8-17.7-54.6L382 150.2 316.7 17.8c-11.7-23.6-45.6-23.9-57.4 0z\"><\/path><\/svg>\t\t\t\t<\/span>\n\t\t\t<\/div>\n\t\t\t\n\t\t\t\t\t\t<div class=\"elementor-icon-box-content\">\n\n\t\t\t\t\t\t\t\t\t<h3 class=\"elementor-icon-box-title\">\n\t\t\t\t\t\t<span  >\n\t\t\t\t\t\t\tPersonalised training\t\t\t\t\t\t<\/span>\n\t\t\t\t\t<\/h3>\n\t\t\t\t\n\t\t\t\t\t\t\t\t\t<p class=\"elementor-icon-box-description\">\n\t\t\t\t\t\tA szem\u00e9lyre szabott kik\u00e9pz\u00e9s lehet\u0151s\u00e9get ad arra, hogy egyedi megk\u00f6zel\u00edt\u00e9st alkalmazzunk a kuty\u00e1d kik\u00e9pz\u00e9s\u00e9re. Ebben a programban a kik\u00e9pz\u00e9s a kutya \u00e9s a gazdi ig\u00e9nyeihez \u00e9s c\u00e9ljaihoz igazodik. A csomag tartalm\u00e1t k\u00f6z\u00f6sen alak\u00edtjuk ki a gazdival a kuty\u00e1ja ig\u00e9nyei alapj\u00e1n.\t\t\t\t\t<\/p>\n\t\t\t\t\n\t\t\t<\/div>\n\t\t\t\n\t\t<\/div>\n\t\t\t\t\t\t<\/div>\n\t\t\t\t<\/div>\n\t\t\t\t<div class=\"elementor-element elementor-element-fbd31b3 elementor-widget elementor-widget-heading\" data-id=\"fbd31b3\" data-element_type=\"widget\" data-widget_type=\"heading.default\">\n\t\t\t\t<div class=\"elementor-widget-container\">\n\t\t\t\t\t<h2 class=\"elementor-heading-title elementor-size-default\">\u00c1r: Az \u00e1rat a csomag tartalma hat\u00e1rozza meg.<br>K\u00e9rj\u00fck, l\u00e9pj vel\u00fcnk kapcsolatba egyedi \u00e1raj\u00e1nlat\u00e9rt.<\/h2>\t\t\t\t<\/div>\n\t\t\t\t<\/div>\n\t\t\t\t<\/div>\n\t\t\t\t\t<\/div>\n\t\t\t\t<\/div>\n\t\t<div class=\"elementor-element elementor-element-e1f536d e-flex e-con-boxed e-con e-parent\" data-id=\"e1f536d\" data-element_type=\"container\" data-settings=\"{&quot;background_background&quot;:&quot;classic&quot;}\">\n\t\t\t\t\t<div class=\"e-con-inner\">\n\t\t<div class=\"elementor-element elementor-element-f2eb3bc e-con-full e-flex e-con e-child\" data-id=\"f2eb3bc\" data-element_type=\"container\">\n\t\t\t\t<div class=\"elementor-element elementor-element-2d16a17 elementor-invisible elementor-widget elementor-widget-text-editor\" data-id=\"2d16a17\" data-element_type=\"widget\" data-settings=\"{&quot;_animation&quot;:&quot;fadeInLeft&quot;}\" data-widget_type=\"text-editor.default\">\n\t\t\t\t<div class=\"elementor-widget-container\">\n\t\t\t\t\t\t\t\t\t<p>Szeretn\u00e9l t\u00f6bbet megtudni a szolg\u00e1ltat\u00e1sainkr\u00f3l vagy bejelentkezni egy kik\u00e9pz\u00e9sre? Kattints ide a kapcsolatfelv\u00e9telhez!<\/p>\t\t\t\t\t\t\t\t<\/div>\n\t\t\t\t<\/div>\n\t\t\t\t<\/div>\n\t\t\t\t\t<\/div>\n\t\t\t\t<\/div>\n\t\t<div class=\"elementor-element elementor-element-41927a8 e-flex e-con-boxed e-con e-parent\" data-id=\"41927a8\" data-element_type=\"container\" data-settings=\"{&quot;background_background&quot;:&quot;classic&quot;}\">\n\t\t\t\t\t<div class=\"e-con-inner\">\n\t\t\t\t<div class=\"elementor-element elementor-element-b22b5df elementor-widget elementor-widget-image\" data-id=\"b22b5df\" data-element_type=\"widget\" data-widget_type=\"image.default\">\n\t\t\t\t<div class=\"elementor-widget-container\">\n\t\t\t\t\t\t\t\t\t\t\t\t\t\t\t<img fetchpriority=\"high\" decoding=\"async\" width=\"550\" height=\"366\" src=\"https:\/\/kolt.olaszelet.com\/wp-content\/uploads\/2025\/02\/szolgaltatas.webp\" class=\"attachment-large size-large wp-image-1873\" alt=\"\" srcset=\"https:\/\/kolt.olaszelet.com\/wp-content\/uploads\/2025\/02\/szolgaltatas.webp 550w, https:\/\/kolt.olaszelet.com\/wp-content\/uploads\/2025\/02\/szolgaltatas-300x200.webp 300w\" sizes=\"(max-width: 550px) 100vw, 550px\" \/>\t\t\t\t\t\t\t\t\t\t\t\t\t\t\t<\/div>\n\t\t\t\t<\/div>\n\t\t<div class=\"elementor-element elementor-element-56557c9 e-con-full e-flex e-con e-child\" data-id=\"56557c9\" data-element_type=\"container\">\n\t\t\t\t<div class=\"elementor-element elementor-element-bac3f45 elementor-align-left elementor-widget elementor-widget-button\" data-id=\"bac3f45\" data-element_type=\"widget\" data-widget_type=\"button.default\">\n\t\t\t\t<div class=\"elementor-widget-container\">\n\t\t\t\t\t\t\t\t\t<div class=\"elementor-button-wrapper\">\n\t\t\t\t\t<a class=\"elementor-button elementor-button-link elementor-size-sm\" href=\"https:\/\/kolt.olaszelet.com\/en\/contact\/\">\n\t\t\t\t\t\t<span class=\"elementor-button-content-wrapper\">\n\t\t\t\t\t\t\t\t\t<span class=\"elementor-button-text\">Kattints ide<\/span>\n\t\t\t\t\t<\/span>\n\t\t\t\t\t<\/a>\n\t\t\t\t<\/div>\n\t\t\t\t\t\t\t\t<\/div>\n\t\t\t\t<\/div>\n\t\t\t\t<\/div>\n\t\t\t\t\t<\/div>\n\t\t\t\t<\/div>\n\t\t\t\t<\/div>","protected":false},"excerpt":{"rendered":"<p>Szolg\u00e1ltat\u00e1saink \u00e9s \u00e1raink K\u00fcl\u00f6nb\u00f6z\u0151 kik\u00e9pz\u00e9si csomagokat k\u00edn\u00e1lunk, hogy minden kuty\u00e1nak \u00e9s gazdinak a legmegfelel\u0151bb opci\u00f3t tudjuk ny\u00fajtani. Minden csomagot \u00fagy alak\u00edtottunk ki, hogy az a legjobban illeszkedjen a k\u00fcl\u00f6nb\u00f6z\u0151 ig\u00e9nyekhez \u00e9s elv\u00e1r\u00e1sokhoz. N\u00e9zd meg az al\u00e1bbi csomagjainkat \u00e9s v\u00e1laszd ki a legmegfelel\u0151bbet! Alapkik\u00e9pz\u00e9s Az alapkik\u00e9pz\u00e9s a kutya alapvet\u0151 parancsok megtanul\u00e1s\u00e1ra ir\u00e1nyul Az alapkik\u00e9pz\u00e9s az alapvet\u0151 [&hellip;]<\/p>","protected":false},"author":1,"featured_media":0,"parent":0,"menu_order":0,"comment_status":"closed","ping_status":"closed","template":"","meta":{"site-sidebar-layout":"no-sidebar","site-content-layout":"page-builder","ast-site-content-layout":"full-width-container","site-content-style":"unboxed","site-sidebar-style":"unboxed","ast-global-header-display":"","ast-banner-title-visibility":"","ast-main-header-display":"","ast-hfb-above-header-display":"","ast-hfb-below-header-display":"","ast-hfb-mobile-header-display":"","site-post-title":"disabled","ast-breadcrumbs-content":"","ast-featured-img":"disabled","footer-sml-layout":"","theme-transparent-header-meta":"enabled","adv-header-id-meta":"","stick-header-meta":"","header-above-stick-meta":"","header-main-stick-meta":"","header-below-stick-meta":"","astra-migrate-meta-layouts":"set","ast-page-background-enabled":"default","ast-page-background-meta":{"desktop":{"background-color":"var(--ast-global-color-4)","background-image":"","background-repeat":"repeat","background-position":"center center","background-size":"auto","background-attachment":"scroll","background-type":"","background-media":"","overlay-type":"","overlay-color":"","overlay-opacity":"","overlay-gradient":""},"tablet":{"background-color":"","background-image":"","background-repeat":"repeat","background-position":"center center","background-size":"auto","background-attachment":"scroll","background-type":"","background-media":"","overlay-type":"","overlay-color":"","overlay-opacity":"","overlay-gradient":""},"mobile":{"background-color":"","background-image":"","background-repeat":"repeat","background-position":"center center","background-size":"auto","background-attachment":"scroll","background-type":"","background-media":"","overlay-type":"","overlay-color":"","overlay-opacity":"","overlay-gradient":""}},"ast-content-background-meta":{"desktop":{"background-color":"var(--ast-global-color-5)","background-image":"","background-repeat":"repeat","background-position":"center center","background-size":"auto","background-attachment":"scroll","background-type":"","background-media":"","overlay-type":"","overlay-color":"","overlay-opacity":"","overlay-gradient":""},"tablet":{"background-color":"var(--ast-global-color-5)","background-image":"","background-repeat":"repeat","background-position":"center center","background-size":"auto","background-attachment":"scroll","background-type":"","background-media":"","overlay-type":"","overlay-color":"","overlay-opacity":"","overlay-gradient":""},"mobile":{"background-color":"var(--ast-global-color-5)","background-image":"","background-repeat":"repeat","background-position":"center center","background-size":"auto","background-attachment":"scroll","background-type":"","background-media":"","overlay-type":"","overlay-color":"","overlay-opacity":"","overlay-gradient":""}},"footnotes":""},"class_list":["post-739","page","type-page","status-publish","hentry"],"_links":{"self":[{"href":"https:\/\/kolt.olaszelet.com\/en\/wp-json\/wp\/v2\/pages\/739","targetHints":{"allow":["GET"]}}],"collection":[{"href":"https:\/\/kolt.olaszelet.com\/en\/wp-json\/wp\/v2\/pages"}],"about":[{"href":"https:\/\/kolt.olaszelet.com\/en\/wp-json\/wp\/v2\/types\/page"}],"author":[{"embeddable":true,"href":"https:\/\/kolt.olaszelet.com\/en\/wp-json\/wp\/v2\/users\/1"}],"replies":[{"embeddable":true,"href":"https:\/\/kolt.olaszelet.com\/en\/wp-json\/wp\/v2\/comments?post=739"}],"version-history":[{"count":80,"href":"https:\/\/kolt.olaszelet.com\/en\/wp-json\/wp\/v2\/pages\/739\/revisions"}],"predecessor-version":[{"id":2185,"href":"https:\/\/kolt.olaszelet.com\/en\/wp-json\/wp\/v2\/pages\/739\/revisions\/2185"}],"wp:attachment":[{"href":"https:\/\/kolt.olaszelet.com\/en\/wp-json\/wp\/v2\/media?parent=739"}],"curies":[{"name":"wp","href":"https:\/\/api.w.org\/{rel}","templated":true}]}}