{"id":452,"date":"2025-02-04T17:25:49","date_gmt":"2025-02-04T17:25:49","guid":{"rendered":"https:\/\/kolt.olaszelet.com\/about\/"},"modified":"2025-02-13T17:56:28","modified_gmt":"2025-02-13T17:56:28","slug":"rolunk","status":"publish","type":"page","link":"https:\/\/kolt.olaszelet.com\/en\/rolunk\/","title":{"rendered":"About us"},"content":{"rendered":"<div data-elementor-type=\"wp-page\" data-elementor-id=\"452\" class=\"elementor elementor-452\" data-elementor-post-type=\"page\">\n\t\t\t\t<div class=\"elementor-element elementor-element-df82b27 e-flex e-con-boxed e-con e-parent\" data-id=\"df82b27\" data-element_type=\"container\" data-settings=\"{&quot;background_background&quot;:&quot;classic&quot;}\">\n\t\t\t\t\t<div class=\"e-con-inner\">\n\t\t<div class=\"elementor-element elementor-element-9e9f24c e-flex e-con-boxed e-con e-child\" data-id=\"9e9f24c\" data-element_type=\"container\">\n\t\t\t\t\t<div class=\"e-con-inner\">\n\t\t<div class=\"elementor-element elementor-element-9f72f1b e-flex e-con-boxed e-con e-child\" data-id=\"9f72f1b\" data-element_type=\"container\">\n\t\t\t\t\t<div class=\"e-con-inner\">\n\t\t<div class=\"elementor-element elementor-element-9503712 e-flex e-con-boxed e-con e-child\" data-id=\"9503712\" data-element_type=\"container\">\n\t\t\t\t\t<div class=\"e-con-inner\">\n\t\t\t\t<div class=\"elementor-element elementor-element-5c086aa elementor-invisible elementor-widget elementor-widget-heading\" data-id=\"5c086aa\" data-element_type=\"widget\" data-settings=\"{&quot;_animation&quot;:&quot;fadeInLeft&quot;}\" data-widget_type=\"heading.default\">\n\t\t\t\t<div class=\"elementor-widget-container\">\n\t\t\t\t\t<h6 class=\"elementor-heading-title elementor-size-default\">About us<\/h6>\t\t\t\t<\/div>\n\t\t\t\t<\/div>\n\t\t\t\t<div class=\"elementor-element elementor-element-ce48bc0 elementor-widget elementor-widget-heading\" data-id=\"ce48bc0\" data-element_type=\"widget\" data-widget_type=\"heading.default\">\n\t\t\t\t<div class=\"elementor-widget-container\">\n\t\t\t\t\t<h1 class=\"elementor-heading-title elementor-size-default\">A Kutyakik\u00e9pz\u0151 K\u00f6zpont csapata<\/h1>\t\t\t\t<\/div>\n\t\t\t\t<\/div>\n\t\t\t\t\t<\/div>\n\t\t\t\t<\/div>\n\t\t\t\t\t<\/div>\n\t\t\t\t<\/div>\n\t\t\t\t\t<\/div>\n\t\t\t\t<\/div>\n\t\t\t\t\t<\/div>\n\t\t\t\t<\/div>\n\t\t<div class=\"elementor-element elementor-element-c21a8ca e-flex e-con-boxed e-con e-parent\" data-id=\"c21a8ca\" data-element_type=\"container\" data-settings=\"{&quot;background_background&quot;:&quot;classic&quot;}\">\n\t\t\t\t\t<div class=\"e-con-inner\">\n\t\t<div class=\"elementor-element elementor-element-4002f93 e-con-full e-flex e-con e-child\" data-id=\"4002f93\" data-element_type=\"container\">\n\t\t\t\t<div class=\"elementor-element elementor-element-b0be963 elementor-widget elementor-widget-image\" data-id=\"b0be963\" data-element_type=\"widget\" data-widget_type=\"image.default\">\n\t\t\t\t<div class=\"elementor-widget-container\">\n\t\t\t\t\t\t\t\t\t\t\t\t\t\t\t<img fetchpriority=\"high\" decoding=\"async\" width=\"550\" height=\"367\" src=\"https:\/\/kolt.olaszelet.com\/wp-content\/uploads\/2025\/02\/rolunk.webp\" class=\"attachment-large size-large wp-image-1739\" alt=\"\" srcset=\"https:\/\/kolt.olaszelet.com\/wp-content\/uploads\/2025\/02\/rolunk.webp 550w, https:\/\/kolt.olaszelet.com\/wp-content\/uploads\/2025\/02\/rolunk-300x200.webp 300w\" sizes=\"(max-width: 550px) 100vw, 550px\" \/>\t\t\t\t\t\t\t\t\t\t\t\t\t\t\t<\/div>\n\t\t\t\t<\/div>\n\t\t\t\t<\/div>\n\t\t<div class=\"elementor-element elementor-element-22c0e14 e-con-full e-flex e-con e-child\" data-id=\"22c0e14\" data-element_type=\"container\">\n\t\t\t\t<div class=\"elementor-element elementor-element-7647cbe elementor-widget elementor-widget-image\" data-id=\"7647cbe\" data-element_type=\"widget\" data-widget_type=\"image.default\">\n\t\t\t\t<div class=\"elementor-widget-container\">\n\t\t\t\t\t\t\t\t\t\t\t\t\t\t\t<img decoding=\"async\" width=\"550\" height=\"367\" src=\"https:\/\/kolt.olaszelet.com\/wp-content\/uploads\/2025\/02\/rolunk2.webp\" class=\"attachment-large size-large wp-image-1740\" alt=\"\" srcset=\"https:\/\/kolt.olaszelet.com\/wp-content\/uploads\/2025\/02\/rolunk2.webp 550w, https:\/\/kolt.olaszelet.com\/wp-content\/uploads\/2025\/02\/rolunk2-300x200.webp 300w\" sizes=\"(max-width: 550px) 100vw, 550px\" \/>\t\t\t\t\t\t\t\t\t\t\t\t\t\t\t<\/div>\n\t\t\t\t<\/div>\n\t\t\t\t<\/div>\n\t\t<div class=\"elementor-element elementor-element-8fd17fd e-con-full e-flex e-con e-child\" data-id=\"8fd17fd\" data-element_type=\"container\">\n\t\t\t\t<div class=\"elementor-element elementor-element-ea41727 elementor-widget elementor-widget-image\" data-id=\"ea41727\" data-element_type=\"widget\" data-widget_type=\"image.default\">\n\t\t\t\t<div class=\"elementor-widget-container\">\n\t\t\t\t\t\t\t\t\t\t\t\t\t\t\t<img decoding=\"async\" width=\"550\" height=\"367\" src=\"https:\/\/kolt.olaszelet.com\/wp-content\/uploads\/2025\/02\/rolunk3.webp\" class=\"attachment-large size-large wp-image-1741\" alt=\"\" srcset=\"https:\/\/kolt.olaszelet.com\/wp-content\/uploads\/2025\/02\/rolunk3.webp 550w, https:\/\/kolt.olaszelet.com\/wp-content\/uploads\/2025\/02\/rolunk3-300x200.webp 300w\" sizes=\"(max-width: 550px) 100vw, 550px\" \/>\t\t\t\t\t\t\t\t\t\t\t\t\t\t\t<\/div>\n\t\t\t\t<\/div>\n\t\t\t\t<\/div>\n\t\t<div class=\"elementor-element elementor-element-dfb028e e-con-full e-flex e-con e-child\" data-id=\"dfb028e\" data-element_type=\"container\">\n\t\t\t\t<div class=\"elementor-element elementor-element-5924c4b elementor-widget elementor-widget-image\" data-id=\"5924c4b\" data-element_type=\"widget\" data-widget_type=\"image.default\">\n\t\t\t\t<div class=\"elementor-widget-container\">\n\t\t\t\t\t\t\t\t\t\t\t\t\t\t\t<img loading=\"lazy\" decoding=\"async\" width=\"550\" height=\"367\" src=\"https:\/\/kolt.olaszelet.com\/wp-content\/uploads\/2025\/02\/rolunk4.webp\" class=\"attachment-large size-large wp-image-1742\" alt=\"\" srcset=\"https:\/\/kolt.olaszelet.com\/wp-content\/uploads\/2025\/02\/rolunk4.webp 550w, https:\/\/kolt.olaszelet.com\/wp-content\/uploads\/2025\/02\/rolunk4-300x200.webp 300w\" sizes=\"(max-width: 550px) 100vw, 550px\" \/>\t\t\t\t\t\t\t\t\t\t\t\t\t\t\t<\/div>\n\t\t\t\t<\/div>\n\t\t\t\t<\/div>\n\t\t<div class=\"elementor-element elementor-element-49bd023 e-con-full e-flex e-con e-child\" data-id=\"49bd023\" data-element_type=\"container\">\n\t\t\t\t<div class=\"elementor-element elementor-element-4d9e007 elementor-widget elementor-widget-text-editor\" data-id=\"4d9e007\" data-element_type=\"widget\" data-widget_type=\"text-editor.default\">\n\t\t\t\t<div class=\"elementor-widget-container\">\n\t\t\t\t\t\t\t\t\t<p>Csapatunk lelkes \u00e9s elhivatott kutyabar\u00e1tokb\u00f3l \u00e1ll, akik szeretik \u00e9s tisztelik a kuty\u00e1kat, \u00e9s m\u00e9lyen hisznek abban, hogy a j\u00f3l kik\u00e9pzett kutya boldogabb \u00e9s eg\u00e9szs\u00e9gesebb \u00e9letet \u00e9l. Csapattagjaink mindegyike nagy tapasztalattal rendelkezik kuty\u00e1k kik\u00e9pz\u00e9s\u00e9ben, \u00e9s szem\u00e9lyes k\u00fcldet\u00e9s\u00e9nek tekinti a gazdik \u00e9s kedvenceik k\u00f6z\u00f6tti harmonikus kapcsolat kialak\u00edt\u00e1s\u00e1t<\/p>\t\t\t\t\t\t\t\t<\/div>\n\t\t\t\t<\/div>\n\t\t\t\t<\/div>\n\t\t\t\t\t<\/div>\n\t\t\t\t<\/div>\n\t\t<div class=\"elementor-element elementor-element-bb1cdce e-flex e-con-boxed e-con e-parent\" data-id=\"bb1cdce\" data-element_type=\"container\" data-settings=\"{&quot;background_background&quot;:&quot;classic&quot;}\">\n\t\t\t\t\t<div class=\"e-con-inner\">\n\t\t\t\t<div class=\"elementor-element elementor-element-3896db3 elementor-widget-divider--view-line_icon elementor-view-default elementor-widget-divider--element-align-center elementor-widget elementor-widget-divider\" data-id=\"3896db3\" data-element_type=\"widget\" data-widget_type=\"divider.default\">\n\t\t\t\t<div class=\"elementor-widget-container\">\n\t\t\t\t\t\t\t<div class=\"elementor-divider\">\n\t\t\t<span class=\"elementor-divider-separator\">\n\t\t\t\t\t\t\t<div class=\"elementor-icon elementor-divider__element\">\n\t\t\t\t\t<svg aria-hidden=\"true\" class=\"e-font-icon-svg e-fas-bone\" viewbox=\"0 0 640 512\" xmlns=\"http:\/\/www.w3.org\/2000\/svg\"><path d=\"M598.88 244.56c25.2-12.6 41.12-38.36 41.12-66.53v-7.64C640 129.3 606.7 96 565.61 96c-32.02 0-60.44 20.49-70.57 50.86-7.68 23.03-11.6 45.14-38.11 45.14H183.06c-27.38 0-31.58-25.54-38.11-45.14C134.83 116.49 106.4 96 74.39 96 33.3 96 0 129.3 0 170.39v7.64c0 28.17 15.92 53.93 41.12 66.53 9.43 4.71 9.43 18.17 0 22.88C15.92 280.04 0 305.8 0 333.97v7.64C0 382.7 33.3 416 74.38 416c32.02 0 60.44-20.49 70.57-50.86 7.68-23.03 11.6-45.14 38.11-45.14h273.87c27.38 0 31.58 25.54 38.11 45.14C505.17 395.51 533.6 416 565.61 416c41.08 0 74.38-33.3 74.38-74.39v-7.64c0-28.18-15.92-53.93-41.12-66.53-9.42-4.71-9.42-18.17.01-22.88z\"><\/path><\/svg><\/div>\n\t\t\t\t\t\t<\/span>\n\t\t<\/div>\n\t\t\t\t\t\t<\/div>\n\t\t\t\t<\/div>\n\t\t\t\t\t<\/div>\n\t\t\t\t<\/div>\n\t\t<div class=\"elementor-element elementor-element-dc03337 e-con-full e-flex e-con e-parent\" data-id=\"dc03337\" data-element_type=\"container\" data-settings=\"{&quot;background_background&quot;:&quot;classic&quot;}\">\n\t\t<div class=\"elementor-element elementor-element-cc682b5 e-con-full e-flex e-con e-child\" data-id=\"cc682b5\" data-element_type=\"container\">\n\t\t\t\t<div class=\"elementor-element elementor-element-80d276a elementor-position-top elementor-position-top elementor-widget elementor-widget-image-box\" data-id=\"80d276a\" data-element_type=\"widget\" data-widget_type=\"image-box.default\">\n\t\t\t\t<div class=\"elementor-widget-container\">\n\t\t\t\t\t<div class=\"elementor-image-box-wrapper\"><figure class=\"elementor-image-box-img\"><img loading=\"lazy\" decoding=\"async\" width=\"550\" height=\"366\" src=\"https:\/\/kolt.olaszelet.com\/wp-content\/uploads\/2025\/02\/igazgato.webp\" class=\"attachment-full size-full wp-image-1758\" alt=\"\" srcset=\"https:\/\/kolt.olaszelet.com\/wp-content\/uploads\/2025\/02\/igazgato.webp 550w, https:\/\/kolt.olaszelet.com\/wp-content\/uploads\/2025\/02\/igazgato-300x200.webp 300w\" sizes=\"(max-width: 550px) 100vw, 550px\" \/><\/figure><div class=\"elementor-image-box-content\"><h3 class=\"elementor-image-box-title\">Nagy P\u00e9ter <br>alap\u00edt\u00f3 \u00e9s vezet\u0151 kik\u00e9pz\u0151<\/h3><p class=\"elementor-image-box-description\">P\u00e9ter a Kutyakik\u00e9pz\u0151 K\u00f6zpont alap\u00edt\u00f3ja \u00e9s vezet\u0151 kik\u00e9pz\u0151je. T\u00f6bb mint 10 \u00e9ves tapasztalattal rendelkezik a kutyakik\u00e9pz\u00e9s ter\u00e9n, \u00e9s sz\u00e1mos tanfolyamot v\u00e9gzett a legjobb nemzetk\u00f6zi kik\u00e9pz\u0151int\u00e9zetekn\u00e9l. Hiszi, hogy a kik\u00e9pz\u00e9s nem csak a parancsok elsaj\u00e1t\u00edt\u00e1s\u00e1r\u00f3l sz\u00f3l, hanem a gazdi \u00e9s kutya k\u00f6z\u00f6tti kommunik\u00e1ci\u00f3 jav\u00edt\u00e1s\u00e1r\u00f3l is.<\/p><\/div><\/div>\t\t\t\t<\/div>\n\t\t\t\t<\/div>\n\t\t\t\t<\/div>\n\t\t<div class=\"elementor-element elementor-element-77e81ec e-con-full e-flex e-con e-child\" data-id=\"77e81ec\" data-element_type=\"container\">\n\t\t\t\t<div class=\"elementor-element elementor-element-a08114e elementor-position-top elementor-position-top elementor-widget elementor-widget-image-box\" data-id=\"a08114e\" data-element_type=\"widget\" data-widget_type=\"image-box.default\">\n\t\t\t\t<div class=\"elementor-widget-container\">\n\t\t\t\t\t<div class=\"elementor-image-box-wrapper\"><figure class=\"elementor-image-box-img\"><img loading=\"lazy\" decoding=\"async\" width=\"550\" height=\"367\" src=\"https:\/\/kolt.olaszelet.com\/wp-content\/uploads\/2025\/02\/anna.webp\" class=\"attachment-full size-full wp-image-1760\" alt=\"\" srcset=\"https:\/\/kolt.olaszelet.com\/wp-content\/uploads\/2025\/02\/anna.webp 550w, https:\/\/kolt.olaszelet.com\/wp-content\/uploads\/2025\/02\/anna-300x200.webp 300w\" sizes=\"(max-width: 550px) 100vw, 550px\" \/><\/figure><div class=\"elementor-image-box-content\"><h3 class=\"elementor-image-box-title\">Varga Anna <br>kik\u00e9pz\u0151 \u00e9s tan\u00e1csad\u00f3 <\/h3><p class=\"elementor-image-box-description\">Anna kutyakik\u00e9pz\u0151 \u00e9s viselked\u00e9si tan\u00e1csad\u00f3. K\u00fcl\u00f6n\u00f6sen \u00e9rdekli a probl\u00e9m\u00e1s viselked\u00e9si form\u00e1k megold\u00e1sa, \u00e9s szereti a kih\u00edv\u00e1st jelent\u0151 eseteket. Anna hisz a pozit\u00edv meger\u0151s\u00edt\u00e9sen alapul\u00f3 kik\u00e9pz\u00e9si m\u00f3dszerekben, \u00e9s mindig a legk\u00edm\u00e9letesebb, ugyanakkor leghat\u00e9konyabb m\u00f3dszereket alkalmazza.<\/p><\/div><\/div>\t\t\t\t<\/div>\n\t\t\t\t<\/div>\n\t\t\t\t<\/div>\n\t\t<div class=\"elementor-element elementor-element-a749e23 e-con-full e-flex e-con e-child\" data-id=\"a749e23\" data-element_type=\"container\">\n\t\t\t\t<div class=\"elementor-element elementor-element-4baf63a elementor-position-top elementor-position-top elementor-widget elementor-widget-image-box\" data-id=\"4baf63a\" data-element_type=\"widget\" data-widget_type=\"image-box.default\">\n\t\t\t\t<div class=\"elementor-widget-container\">\n\t\t\t\t\t<div class=\"elementor-image-box-wrapper\"><figure class=\"elementor-image-box-img\"><img loading=\"lazy\" decoding=\"async\" width=\"550\" height=\"366\" src=\"https:\/\/kolt.olaszelet.com\/wp-content\/uploads\/2025\/02\/laci.webp\" class=\"attachment-full size-full wp-image-1770\" alt=\"\" srcset=\"https:\/\/kolt.olaszelet.com\/wp-content\/uploads\/2025\/02\/laci.webp 550w, https:\/\/kolt.olaszelet.com\/wp-content\/uploads\/2025\/02\/laci-300x200.webp 300w\" sizes=\"(max-width: 550px) 100vw, 550px\" \/><\/figure><div class=\"elementor-image-box-content\"><h3 class=\"elementor-image-box-title\">Kiss L\u00e1szl\u00f3 <br>kik\u00e9pz\u0151 \u00e9s csoportos foglalkoz\u00e1sok vezet\u0151je<\/h3><p class=\"elementor-image-box-description\">L\u00e1szl\u00f3 nagy energi\u00e1j\u00fa \u00e9s hatalmas szenved\u00e9llyel dolgozik a kuty\u00e1k \u00e9s a gazd\u00e1ik k\u00f6z\u00f6tti k\u00f6tel\u00e9k er\u0151s\u00edt\u00e9s\u00e9n. L\u00e1szl\u00f3 kik\u00e9pz\u0151 \u00e9s a csoportos foglalkoz\u00e1sok vezet\u0151je, aki hisz a csapatmunk\u00e1ban \u00e9s a kuty\u00e1k k\u00f6z\u00f6tti szoci\u00e1lis interakci\u00f3 fontoss\u00e1g\u00e1ban<\/p><\/div><\/div>\t\t\t\t<\/div>\n\t\t\t\t<\/div>\n\t\t\t\t<\/div>\n\t\t<div class=\"elementor-element elementor-element-0bee8fb e-con-full e-flex e-con e-child\" data-id=\"0bee8fb\" data-element_type=\"container\">\n\t\t\t\t<div class=\"elementor-element elementor-element-4f747cc elementor-position-top elementor-position-top elementor-widget elementor-widget-image-box\" data-id=\"4f747cc\" data-element_type=\"widget\" data-widget_type=\"image-box.default\">\n\t\t\t\t<div class=\"elementor-widget-container\">\n\t\t\t\t\t<div class=\"elementor-image-box-wrapper\"><figure class=\"elementor-image-box-img\"><img loading=\"lazy\" decoding=\"async\" width=\"550\" height=\"367\" src=\"https:\/\/kolt.olaszelet.com\/wp-content\/uploads\/2025\/02\/mari.webp\" class=\"attachment-full size-full wp-image-1772\" alt=\"\" srcset=\"https:\/\/kolt.olaszelet.com\/wp-content\/uploads\/2025\/02\/mari.webp 550w, https:\/\/kolt.olaszelet.com\/wp-content\/uploads\/2025\/02\/mari-300x200.webp 300w\" sizes=\"(max-width: 550px) 100vw, 550px\" \/><\/figure><div class=\"elementor-image-box-content\"><h3 class=\"elementor-image-box-title\">Szab\u00f3 M\u00e1ria <br>adminisztr\u00e1tor \u00e9s \u00fcgyf\u00e9lszolg\u00e1lati vezet\u0151<\/h3><p class=\"elementor-image-box-description\">M\u00e1ria az a szem\u00e9ly, aki gondoskodik arr\u00f3l, hogy a Kutyakik\u00e9pz\u0151 K\u00f6zpont z\u00f6kken\u0151mentesen m\u0171k\u00f6dj\u00f6n. \u00dcgyf\u00e9lszolg\u00e1lati vezet\u0151k\u00e9nt seg\u00edti a gazdikat a legmegfelel\u0151bb kik\u00e9pz\u00e9si program kiv\u00e1laszt\u00e1s\u00e1ban, \u00e9s v\u00e1laszol minden olyan k\u00e9rd\u00e9sre, amely a kik\u00e9pz\u00e9ssel, id\u0151pontfoglal\u00e1ssal vagy a k\u00f6zpont szolg\u00e1ltat\u00e1saival kapcsolatos.<\/p><\/div><\/div>\t\t\t\t<\/div>\n\t\t\t\t<\/div>\n\t\t\t\t<\/div>\n\t\t\t\t<\/div>\n\t\t<div class=\"elementor-element elementor-element-ca8ae15 e-flex e-con-boxed e-con e-parent\" data-id=\"ca8ae15\" data-element_type=\"container\" data-settings=\"{&quot;background_background&quot;:&quot;classic&quot;}\">\n\t\t\t\t\t<div class=\"e-con-inner\">\n\t\t<div class=\"elementor-element elementor-element-92d9012 e-con-full e-flex e-con e-child\" data-id=\"92d9012\" data-element_type=\"container\">\n\t\t\t\t<div class=\"elementor-element elementor-element-2557e72 elementor-widget elementor-widget-heading\" data-id=\"2557e72\" data-element_type=\"widget\" data-widget_type=\"heading.default\">\n\t\t\t\t<div class=\"elementor-widget-container\">\n\t\t\t\t\t<h2 class=\"elementor-heading-title elementor-size-default\">K\u00e9rd\u00e9sed van a csapatunkhoz? \u00cdrj nek\u00fcnk! <\/h2>\t\t\t\t<\/div>\n\t\t\t\t<\/div>\n\t\t\t\t<div class=\"elementor-element elementor-element-460141f elementor-align-center elementor-widget elementor-widget-button\" data-id=\"460141f\" data-element_type=\"widget\" data-widget_type=\"button.default\">\n\t\t\t\t<div class=\"elementor-widget-container\">\n\t\t\t\t\t\t\t\t\t<div class=\"elementor-button-wrapper\">\n\t\t\t\t\t<a class=\"elementor-button elementor-button-link elementor-size-sm\" href=\"https:\/\/kolt.olaszelet.com\/en\/contact\/\">\n\t\t\t\t\t\t<span class=\"elementor-button-content-wrapper\">\n\t\t\t\t\t\t\t\t\t<span class=\"elementor-button-text\">Contact<\/span>\n\t\t\t\t\t<\/span>\n\t\t\t\t\t<\/a>\n\t\t\t\t<\/div>\n\t\t\t\t\t\t\t\t<\/div>\n\t\t\t\t<\/div>\n\t\t\t\t<\/div>\n\t\t\t\t\t<\/div>\n\t\t\t\t<\/div>\n\t\t\t\t<\/div>","protected":false},"excerpt":{"rendered":"<p>R\u00f3lunk A Kutyakik\u00e9pz\u0151 K\u00f6zpont csapata Csapatunk lelkes \u00e9s elhivatott kutyabar\u00e1tokb\u00f3l \u00e1ll, akik szeretik \u00e9s tisztelik a kuty\u00e1kat, \u00e9s m\u00e9lyen hisznek abban, hogy a j\u00f3l kik\u00e9pzett kutya boldogabb \u00e9s eg\u00e9szs\u00e9gesebb \u00e9letet \u00e9l. Csapattagjaink mindegyike nagy tapasztalattal rendelkezik kuty\u00e1k kik\u00e9pz\u00e9s\u00e9ben, \u00e9s szem\u00e9lyes k\u00fcldet\u00e9s\u00e9nek tekinti a gazdik \u00e9s kedvenceik k\u00f6z\u00f6tti harmonikus kapcsolat kialak\u00edt\u00e1s\u00e1t Nagy P\u00e9ter alap\u00edt\u00f3 \u00e9s vezet\u0151 [&hellip;]<\/p>","protected":false},"author":1,"featured_media":0,"parent":0,"menu_order":0,"comment_status":"closed","ping_status":"closed","template":"","meta":{"site-sidebar-layout":"no-sidebar","site-content-layout":"page-builder","ast-site-content-layout":"full-width-container","site-content-style":"unboxed","site-sidebar-style":"unboxed","ast-global-header-display":"","ast-banner-title-visibility":"","ast-main-header-display":"","ast-hfb-above-header-display":"","ast-hfb-below-header-display":"","ast-hfb-mobile-header-display":"","site-post-title":"disabled","ast-breadcrumbs-content":"","ast-featured-img":"disabled","footer-sml-layout":"","theme-transparent-header-meta":"enabled","adv-header-id-meta":"","stick-header-meta":"","header-above-stick-meta":"","header-main-stick-meta":"","header-below-stick-meta":"","astra-migrate-meta-layouts":"set","ast-page-background-enabled":"default","ast-page-background-meta":{"desktop":{"background-color":"var(--ast-global-color-4)","background-image":"","background-repeat":"repeat","background-position":"center center","background-size":"auto","background-attachment":"scroll","background-type":"","background-media":"","overlay-type":"","overlay-color":"","overlay-opacity":"","overlay-gradient":""},"tablet":{"background-color":"","background-image":"","background-repeat":"repeat","background-position":"center center","background-size":"auto","background-attachment":"scroll","background-type":"","background-media":"","overlay-type":"","overlay-color":"","overlay-opacity":"","overlay-gradient":""},"mobile":{"background-color":"","background-image":"","background-repeat":"repeat","background-position":"center center","background-size":"auto","background-attachment":"scroll","background-type":"","background-media":"","overlay-type":"","overlay-color":"","overlay-opacity":"","overlay-gradient":""}},"ast-content-background-meta":{"desktop":{"background-color":"var(--ast-global-color-5)","background-image":"","background-repeat":"repeat","background-position":"center center","background-size":"auto","background-attachment":"scroll","background-type":"","background-media":"","overlay-type":"","overlay-color":"","overlay-opacity":"","overlay-gradient":""},"tablet":{"background-color":"var(--ast-global-color-5)","background-image":"","background-repeat":"repeat","background-position":"center center","background-size":"auto","background-attachment":"scroll","background-type":"","background-media":"","overlay-type":"","overlay-color":"","overlay-opacity":"","overlay-gradient":""},"mobile":{"background-color":"var(--ast-global-color-5)","background-image":"","background-repeat":"repeat","background-position":"center center","background-size":"auto","background-attachment":"scroll","background-type":"","background-media":"","overlay-type":"","overlay-color":"","overlay-opacity":"","overlay-gradient":""}},"footnotes":""},"class_list":["post-452","page","type-page","status-publish","hentry"],"_links":{"self":[{"href":"https:\/\/kolt.olaszelet.com\/en\/wp-json\/wp\/v2\/pages\/452","targetHints":{"allow":["GET"]}}],"collection":[{"href":"https:\/\/kolt.olaszelet.com\/en\/wp-json\/wp\/v2\/pages"}],"about":[{"href":"https:\/\/kolt.olaszelet.com\/en\/wp-json\/wp\/v2\/types\/page"}],"author":[{"embeddable":true,"href":"https:\/\/kolt.olaszelet.com\/en\/wp-json\/wp\/v2\/users\/1"}],"replies":[{"embeddable":true,"href":"https:\/\/kolt.olaszelet.com\/en\/wp-json\/wp\/v2\/comments?post=452"}],"version-history":[{"count":74,"href":"https:\/\/kolt.olaszelet.com\/en\/wp-json\/wp\/v2\/pages\/452\/revisions"}],"predecessor-version":[{"id":2143,"href":"https:\/\/kolt.olaszelet.com\/en\/wp-json\/wp\/v2\/pages\/452\/revisions\/2143"}],"wp:attachment":[{"href":"https:\/\/kolt.olaszelet.com\/en\/wp-json\/wp\/v2\/media?parent=452"}],"curies":[{"name":"wp","href":"https:\/\/api.w.org\/{rel}","templated":true}]}}