{"id":1931,"date":"2025-02-09T08:18:31","date_gmt":"2025-02-09T08:18:31","guid":{"rendered":"https:\/\/kolt.olaszelet.com\/?page_id=1931"},"modified":"2025-02-13T17:57:39","modified_gmt":"2025-02-13T17:57:39","slug":"velemenyek","status":"publish","type":"page","link":"https:\/\/kolt.olaszelet.com\/en\/velemenyek\/","title":{"rendered":"Reviews"},"content":{"rendered":"<div data-elementor-type=\"wp-page\" data-elementor-id=\"1931\" class=\"elementor elementor-1931\" data-elementor-post-type=\"page\">\n\t\t\t\t<div class=\"elementor-element elementor-element-db7c2d0 e-flex e-con-boxed e-con e-parent\" data-id=\"db7c2d0\" data-element_type=\"container\" data-settings=\"{&quot;background_background&quot;:&quot;classic&quot;}\">\n\t\t\t\t\t<div class=\"e-con-inner\">\n\t\t<div class=\"elementor-element elementor-element-17adf39 e-con-full e-flex e-con e-child\" data-id=\"17adf39\" data-element_type=\"container\">\n\t\t\t\t<div class=\"elementor-element elementor-element-a193c8b elementor-invisible elementor-widget elementor-widget-heading\" data-id=\"a193c8b\" data-element_type=\"widget\" data-settings=\"{&quot;_animation&quot;:&quot;fadeInLeft&quot;}\" data-widget_type=\"heading.default\">\n\t\t\t\t<div class=\"elementor-widget-container\">\n\t\t\t\t\t<h2 class=\"elementor-heading-title elementor-size-default\">Reviews<\/h2>\t\t\t\t<\/div>\n\t\t\t\t<\/div>\n\t\t\t\t<\/div>\n\t\t\t\t\t<\/div>\n\t\t\t\t<\/div>\n\t\t<div class=\"elementor-element elementor-element-df9defd e-con-full e-flex e-con e-parent\" data-id=\"df9defd\" data-element_type=\"container\" data-settings=\"{&quot;background_background&quot;:&quot;classic&quot;}\">\n\t\t<div class=\"elementor-element elementor-element-2431ba6 e-con-full e-flex e-con e-child\" data-id=\"2431ba6\" data-element_type=\"container\">\n\t\t\t\t<div class=\"elementor-element elementor-element-7d1caf9 elementor-widget elementor-widget-testimonial\" data-id=\"7d1caf9\" data-element_type=\"widget\" data-widget_type=\"testimonial.default\">\n\t\t\t\t<div class=\"elementor-widget-container\">\n\t\t\t\t\t\t\t<div class=\"elementor-testimonial-wrapper\">\n\t\t\t\t\t\t\t<div class=\"elementor-testimonial-content\">\"A Kutyakik\u00e9pz\u0151 K\u00f6zpont csapata olyan profi, amilyenre mindig is v\u00e1gytam. A kuty\u00e1m, Foltos, nagyon neh\u00e9z eset volt, de a tr\u00e9ningek sor\u00e1n rengeteget javult. K\u00f6sz\u00f6nj\u00fck, hogy megtan\u00edtott\u00e1tok nek\u00fcnk a k\u00f6lcs\u00f6n\u00f6s tisztelet fontoss\u00e1g\u00e1t!\"<\/div>\n\t\t\t\n\t\t\t\t\t\t<div class=\"elementor-testimonial-meta elementor-has-image elementor-testimonial-image-position-aside\">\n\t\t\t\t<div class=\"elementor-testimonial-meta-inner\">\n\t\t\t\t\t\t\t\t\t\t\t<div class=\"elementor-testimonial-image\">\n\t\t\t\t\t\t\t<img fetchpriority=\"high\" decoding=\"async\" width=\"550\" height=\"367\" src=\"https:\/\/kolt.olaszelet.com\/wp-content\/uploads\/2025\/02\/velemeny.webp\" class=\"attachment-full size-full wp-image-2035\" alt=\"\" srcset=\"https:\/\/kolt.olaszelet.com\/wp-content\/uploads\/2025\/02\/velemeny.webp 550w, https:\/\/kolt.olaszelet.com\/wp-content\/uploads\/2025\/02\/velemeny-300x200.webp 300w\" sizes=\"(max-width: 550px) 100vw, 550px\" \/>\t\t\t\t\t\t<\/div>\n\t\t\t\t\t\n\t\t\t\t\t\t\t\t\t\t<div class=\"elementor-testimonial-details\">\n\t\t\t\t\t\t\t\t\t\t\t\t\t\t<div class=\"elementor-testimonial-name\">Kov\u00e1cs B\u00e9la <\/div>\n\t\t\t\t\t\t\t\t\t\t\t\t\t\t\t\t\t\t\t\t\t\t<div class=\"elementor-testimonial-job\">Budapest<\/div>\n\t\t\t\t\t\t\t\t\t\t\t\t\t<\/div>\n\t\t\t\t\t\t\t\t\t<\/div>\n\t\t\t<\/div>\n\t\t\t\t\t<\/div>\n\t\t\t\t\t\t<\/div>\n\t\t\t\t<\/div>\n\t\t\t\t<\/div>\n\t\t<div class=\"elementor-element elementor-element-b7dc629 e-con-full e-flex e-con e-child\" data-id=\"b7dc629\" data-element_type=\"container\">\n\t\t\t\t<div class=\"elementor-element elementor-element-b9ea00d elementor-widget elementor-widget-testimonial\" data-id=\"b9ea00d\" data-element_type=\"widget\" data-widget_type=\"testimonial.default\">\n\t\t\t\t<div class=\"elementor-widget-container\">\n\t\t\t\t\t\t\t<div class=\"elementor-testimonial-wrapper\">\n\t\t\t\t\t\t\t<div class=\"elementor-testimonial-content\">\"Nagyszer\u0171 tr\u00e9ningek, csod\u00e1latos emberek! A kuty\u00e1m, Bella, im\u00e1dja a Kutyakik\u00e9pz\u0151 K\u00f6zpontot. Minden alkalommal alig v\u00e1rja, hogy elkezd\u0151dhessenek az \u00f3r\u00e1k.\"<\/div>\n\t\t\t\n\t\t\t\t\t\t<div class=\"elementor-testimonial-meta elementor-has-image elementor-testimonial-image-position-aside\">\n\t\t\t\t<div class=\"elementor-testimonial-meta-inner\">\n\t\t\t\t\t\t\t\t\t\t\t<div class=\"elementor-testimonial-image\">\n\t\t\t\t\t\t\t<img decoding=\"async\" width=\"550\" height=\"367\" src=\"https:\/\/kolt.olaszelet.com\/wp-content\/uploads\/2025\/02\/velemeny2.webp\" class=\"attachment-full size-full wp-image-2036\" alt=\"\" srcset=\"https:\/\/kolt.olaszelet.com\/wp-content\/uploads\/2025\/02\/velemeny2.webp 550w, https:\/\/kolt.olaszelet.com\/wp-content\/uploads\/2025\/02\/velemeny2-300x200.webp 300w\" sizes=\"(max-width: 550px) 100vw, 550px\" \/>\t\t\t\t\t\t<\/div>\n\t\t\t\t\t\n\t\t\t\t\t\t\t\t\t\t<div class=\"elementor-testimonial-details\">\n\t\t\t\t\t\t\t\t\t\t\t\t\t\t<div class=\"elementor-testimonial-name\">Szab\u00f3 Eszter <\/div>\n\t\t\t\t\t\t\t\t\t\t\t\t\t\t\t\t\t\t\t\t\t\t<div class=\"elementor-testimonial-job\">Szeged<\/div>\n\t\t\t\t\t\t\t\t\t\t\t\t\t<\/div>\n\t\t\t\t\t\t\t\t\t<\/div>\n\t\t\t<\/div>\n\t\t\t\t\t<\/div>\n\t\t\t\t\t\t<\/div>\n\t\t\t\t<\/div>\n\t\t\t\t<\/div>\n\t\t\t\t<\/div>\n\t\t<div class=\"elementor-element elementor-element-5f4bafe e-flex e-con-boxed e-con e-parent\" data-id=\"5f4bafe\" data-element_type=\"container\" data-settings=\"{&quot;background_background&quot;:&quot;classic&quot;}\">\n\t\t\t\t\t<div class=\"e-con-inner\">\n\t\t<div class=\"elementor-element elementor-element-643d6e4 e-con-full e-flex e-con e-child\" data-id=\"643d6e4\" data-element_type=\"container\">\n\t\t\t\t<div class=\"elementor-element elementor-element-7fdec1b elementor-widget elementor-widget-testimonial\" data-id=\"7fdec1b\" data-element_type=\"widget\" data-widget_type=\"testimonial.default\">\n\t\t\t\t<div class=\"elementor-widget-container\">\n\t\t\t\t\t\t\t<div class=\"elementor-testimonial-wrapper\">\n\t\t\t\t\t\t\t<div class=\"elementor-testimonial-content\">\"Nyugodt sz\u00edvvel aj\u00e1nlom a Kutyakik\u00e9pz\u0151 K\u00f6zpontot. A csapat nagyon t\u00fcrelmes \u00e9s meg\u00e9rt\u0151, \u00e9ppen ez\u00e9rt a kuty\u00e1m, Rex, gyorsan fejl\u0151d\u00f6tt a tr\u00e9ningek sor\u00e1n.\"<\/div>\n\t\t\t\n\t\t\t\t\t\t<div class=\"elementor-testimonial-meta elementor-has-image elementor-testimonial-image-position-aside\">\n\t\t\t\t<div class=\"elementor-testimonial-meta-inner\">\n\t\t\t\t\t\t\t\t\t\t\t<div class=\"elementor-testimonial-image\">\n\t\t\t\t\t\t\t<img decoding=\"async\" width=\"550\" height=\"371\" src=\"https:\/\/kolt.olaszelet.com\/wp-content\/uploads\/2025\/02\/velemeny4.webp\" class=\"attachment-full size-full wp-image-2042\" alt=\"\" srcset=\"https:\/\/kolt.olaszelet.com\/wp-content\/uploads\/2025\/02\/velemeny4.webp 550w, https:\/\/kolt.olaszelet.com\/wp-content\/uploads\/2025\/02\/velemeny4-300x202.webp 300w\" sizes=\"(max-width: 550px) 100vw, 550px\" \/>\t\t\t\t\t\t<\/div>\n\t\t\t\t\t\n\t\t\t\t\t\t\t\t\t\t<div class=\"elementor-testimonial-details\">\n\t\t\t\t\t\t\t\t\t\t\t\t\t\t<div class=\"elementor-testimonial-name\">Kiss P\u00e9ter<\/div>\n\t\t\t\t\t\t\t\t\t\t\t\t\t\t\t\t\t\t\t\t\t\t<div class=\"elementor-testimonial-job\">Budapest<\/div>\n\t\t\t\t\t\t\t\t\t\t\t\t\t<\/div>\n\t\t\t\t\t\t\t\t\t<\/div>\n\t\t\t<\/div>\n\t\t\t\t\t<\/div>\n\t\t\t\t\t\t<\/div>\n\t\t\t\t<\/div>\n\t\t\t\t<\/div>\n\t\t<div class=\"elementor-element elementor-element-b3c9771 e-con-full e-flex e-con e-child\" data-id=\"b3c9771\" data-element_type=\"container\">\n\t\t\t\t<div class=\"elementor-element elementor-element-c762824 elementor-widget elementor-widget-testimonial\" data-id=\"c762824\" data-element_type=\"widget\" data-widget_type=\"testimonial.default\">\n\t\t\t\t<div class=\"elementor-widget-container\">\n\t\t\t\t\t\t\t<div class=\"elementor-testimonial-wrapper\">\n\t\t\t\t\t\t\t<div class=\"elementor-testimonial-content\">\"Az \u00e1ltaluk k\u00edn\u00e1lt szem\u00e9lyre szabott tr\u00e9ningek val\u00f3ban hat\u00e9konyak. A kuty\u00e1m, C\u00e9z\u00e1r, m\u00e1r az els\u0151 n\u00e9h\u00e1ny \u00f3ra ut\u00e1n jelent\u0151sen javult.\"<\/div>\n\t\t\t\n\t\t\t\t\t\t<div class=\"elementor-testimonial-meta elementor-has-image elementor-testimonial-image-position-aside\">\n\t\t\t\t<div class=\"elementor-testimonial-meta-inner\">\n\t\t\t\t\t\t\t\t\t\t\t<div class=\"elementor-testimonial-image\">\n\t\t\t\t\t\t\t<img loading=\"lazy\" decoding=\"async\" width=\"550\" height=\"367\" src=\"https:\/\/kolt.olaszelet.com\/wp-content\/uploads\/2025\/02\/velemeny3.webp\" class=\"attachment-full size-full wp-image-2041\" alt=\"\" srcset=\"https:\/\/kolt.olaszelet.com\/wp-content\/uploads\/2025\/02\/velemeny3.webp 550w, https:\/\/kolt.olaszelet.com\/wp-content\/uploads\/2025\/02\/velemeny3-300x200.webp 300w\" sizes=\"(max-width: 550px) 100vw, 550px\" \/>\t\t\t\t\t\t<\/div>\n\t\t\t\t\t\n\t\t\t\t\t\t\t\t\t\t<div class=\"elementor-testimonial-details\">\n\t\t\t\t\t\t\t\t\t\t\t\t\t\t<div class=\"elementor-testimonial-name\">T\u00f3th Anita<\/div>\n\t\t\t\t\t\t\t\t\t\t\t\t\t\t\t\t\t\t\t\t\t\t<div class=\"elementor-testimonial-job\">Budapest<\/div>\n\t\t\t\t\t\t\t\t\t\t\t\t\t<\/div>\n\t\t\t\t\t\t\t\t\t<\/div>\n\t\t\t<\/div>\n\t\t\t\t\t<\/div>\n\t\t\t\t\t\t<\/div>\n\t\t\t\t<\/div>\n\t\t\t\t<\/div>\n\t\t<div class=\"elementor-element elementor-element-5557d30 e-con-full e-flex e-con e-child\" data-id=\"5557d30\" data-element_type=\"container\">\n\t\t\t\t<div class=\"elementor-element elementor-element-0fe020b elementor-widget elementor-widget-testimonial\" data-id=\"0fe020b\" data-element_type=\"widget\" data-widget_type=\"testimonial.default\">\n\t\t\t\t<div class=\"elementor-widget-container\">\n\t\t\t\t\t\t\t<div class=\"elementor-testimonial-wrapper\">\n\t\t\t\t\t\t\t<div class=\"elementor-testimonial-content\">\"H\u00e1l\u00e1s vagyok a Kutyakik\u00e9pz\u0151 K\u00f6zpont csapat\u00e1nak. Nem csak a kuty\u00e1m viselked\u00e9s\u00e9t jav\u00edtott\u00e1k meg, de engem is megtan\u00edtottak, hogyan kommunik\u00e1ljak vele hat\u00e9konyabban. Az eredm\u00e9nyek maguk\u00e9rt besz\u00e9lnek!\"<\/div>\n\t\t\t\n\t\t\t\t\t\t<div class=\"elementor-testimonial-meta elementor-has-image elementor-testimonial-image-position-aside\">\n\t\t\t\t<div class=\"elementor-testimonial-meta-inner\">\n\t\t\t\t\t\t\t\t\t\t\t<div class=\"elementor-testimonial-image\">\n\t\t\t\t\t\t\t<img loading=\"lazy\" decoding=\"async\" width=\"550\" height=\"367\" src=\"https:\/\/kolt.olaszelet.com\/wp-content\/uploads\/2025\/02\/velemeny5.webp\" class=\"attachment-full size-full wp-image-2043\" alt=\"\" srcset=\"https:\/\/kolt.olaszelet.com\/wp-content\/uploads\/2025\/02\/velemeny5.webp 550w, https:\/\/kolt.olaszelet.com\/wp-content\/uploads\/2025\/02\/velemeny5-300x200.webp 300w\" sizes=\"(max-width: 550px) 100vw, 550px\" \/>\t\t\t\t\t\t<\/div>\n\t\t\t\t\t\n\t\t\t\t\t\t\t\t\t\t<div class=\"elementor-testimonial-details\">\n\t\t\t\t\t\t\t\t\t\t\t\t\t\t<div class=\"elementor-testimonial-name\">Varga M\u00e1rton<\/div>\n\t\t\t\t\t\t\t\t\t\t\t\t\t\t\t\t\t\t\t\t\t\t<div class=\"elementor-testimonial-job\">Budapest<\/div>\n\t\t\t\t\t\t\t\t\t\t\t\t\t<\/div>\n\t\t\t\t\t\t\t\t\t<\/div>\n\t\t\t<\/div>\n\t\t\t\t\t<\/div>\n\t\t\t\t\t\t<\/div>\n\t\t\t\t<\/div>\n\t\t\t\t<\/div>\n\t\t<div class=\"elementor-element elementor-element-ff52f43 e-con-full e-flex e-con e-child\" data-id=\"ff52f43\" data-element_type=\"container\">\n\t\t\t\t<div class=\"elementor-element elementor-element-6ce366a elementor-widget elementor-widget-testimonial\" data-id=\"6ce366a\" data-element_type=\"widget\" data-widget_type=\"testimonial.default\">\n\t\t\t\t<div class=\"elementor-widget-container\">\n\t\t\t\t\t\t\t<div class=\"elementor-testimonial-wrapper\">\n\t\t\t\t\t\t\t<div class=\"elementor-testimonial-content\">\"A Kutyakik\u00e9pz\u0151 K\u00f6zpontn\u00e1l minden tr\u00e9ning egy \u00e9lm\u00e9ny! Minden alkalommal tanulunk valami \u00fajat \u00e9s hasznosat a kuty\u00e1mmal, Muffinnal egy\u00fctt.\"<\/div>\n\t\t\t\n\t\t\t\t\t\t<div class=\"elementor-testimonial-meta elementor-has-image elementor-testimonial-image-position-aside\">\n\t\t\t\t<div class=\"elementor-testimonial-meta-inner\">\n\t\t\t\t\t\t\t\t\t\t\t<div class=\"elementor-testimonial-image\">\n\t\t\t\t\t\t\t<img loading=\"lazy\" decoding=\"async\" width=\"550\" height=\"367\" src=\"https:\/\/kolt.olaszelet.com\/wp-content\/uploads\/2025\/02\/velemeny6.webp\" class=\"attachment-full size-full wp-image-2044\" alt=\"\" srcset=\"https:\/\/kolt.olaszelet.com\/wp-content\/uploads\/2025\/02\/velemeny6.webp 550w, https:\/\/kolt.olaszelet.com\/wp-content\/uploads\/2025\/02\/velemeny6-300x200.webp 300w\" sizes=\"(max-width: 550px) 100vw, 550px\" \/>\t\t\t\t\t\t<\/div>\n\t\t\t\t\t\n\t\t\t\t\t\t\t\t\t\t<div class=\"elementor-testimonial-details\">\n\t\t\t\t\t\t\t\t\t\t\t\t\t\t<div class=\"elementor-testimonial-name\">Lakatos Ildik\u00f3<\/div>\n\t\t\t\t\t\t\t\t\t\t\t\t\t\t\t\t\t\t\t\t\t\t<div class=\"elementor-testimonial-job\">Kecskem\u00e9t<\/div>\n\t\t\t\t\t\t\t\t\t\t\t\t\t<\/div>\n\t\t\t\t\t\t\t\t\t<\/div>\n\t\t\t<\/div>\n\t\t\t\t\t<\/div>\n\t\t\t\t\t\t<\/div>\n\t\t\t\t<\/div>\n\t\t\t\t<\/div>\n\t\t\t\t\t<\/div>\n\t\t\t\t<\/div>\n\t\t<div class=\"elementor-element elementor-element-755d631 e-flex e-con-boxed e-con e-parent\" data-id=\"755d631\" data-element_type=\"container\" data-settings=\"{&quot;background_background&quot;:&quot;classic&quot;}\">\n\t\t\t\t\t<div class=\"e-con-inner\">\n\t\t<div class=\"elementor-element elementor-element-bb84ef8 e-con-full e-flex e-con e-child\" data-id=\"bb84ef8\" data-element_type=\"container\">\n\t\t\t\t<div class=\"elementor-element elementor-element-e436aed elementor-widget elementor-widget-testimonial\" data-id=\"e436aed\" data-element_type=\"widget\" data-widget_type=\"testimonial.default\">\n\t\t\t\t<div class=\"elementor-widget-container\">\n\t\t\t\t\t\t\t<div class=\"elementor-testimonial-wrapper\">\n\t\t\t\t\t\t\t<div class=\"elementor-testimonial-content\">\"A legjobb d\u00f6nt\u00e9s volt, hogy a Kutyakik\u00e9pz\u0151 K\u00f6zpontot v\u00e1lasztottam. A professzion\u00e1lis hozz\u00e1\u00e1ll\u00e1suk \u00e9s a hat\u00e9kony tr\u00e9ning m\u00f3dszereik miatt a kuty\u00e1m, Bruno, m\u00e1r az els\u0151 n\u00e9h\u00e1ny h\u00e9t ut\u00e1n sokat fejl\u0151d\u00f6tt.\"<\/div>\n\t\t\t\n\t\t\t\t\t\t<div class=\"elementor-testimonial-meta elementor-has-image elementor-testimonial-image-position-aside\">\n\t\t\t\t<div class=\"elementor-testimonial-meta-inner\">\n\t\t\t\t\t\t\t\t\t\t\t<div class=\"elementor-testimonial-image\">\n\t\t\t\t\t\t\t<img loading=\"lazy\" decoding=\"async\" width=\"550\" height=\"366\" src=\"https:\/\/kolt.olaszelet.com\/wp-content\/uploads\/2025\/02\/velemenyek7.webp\" class=\"attachment-full size-full wp-image-2052\" alt=\"\" srcset=\"https:\/\/kolt.olaszelet.com\/wp-content\/uploads\/2025\/02\/velemenyek7.webp 550w, https:\/\/kolt.olaszelet.com\/wp-content\/uploads\/2025\/02\/velemenyek7-300x200.webp 300w\" sizes=\"(max-width: 550px) 100vw, 550px\" \/>\t\t\t\t\t\t<\/div>\n\t\t\t\t\t\n\t\t\t\t\t\t\t\t\t\t<div class=\"elementor-testimonial-details\">\n\t\t\t\t\t\t\t\t\t\t\t\t\t\t<div class=\"elementor-testimonial-name\">Nagy G\u00e1bor<\/div>\n\t\t\t\t\t\t\t\t\t\t\t\t\t\t\t\t\t\t\t\t\t\t<div class=\"elementor-testimonial-job\">Budapest<\/div>\n\t\t\t\t\t\t\t\t\t\t\t\t\t<\/div>\n\t\t\t\t\t\t\t\t\t<\/div>\n\t\t\t<\/div>\n\t\t\t\t\t<\/div>\n\t\t\t\t\t\t<\/div>\n\t\t\t\t<\/div>\n\t\t\t\t<\/div>\n\t\t\t\t\t<\/div>\n\t\t\t\t<\/div>\n\t\t<div class=\"elementor-element elementor-element-b0cb813 e-flex e-con-boxed e-con e-parent\" data-id=\"b0cb813\" data-element_type=\"container\" data-settings=\"{&quot;background_background&quot;:&quot;classic&quot;}\">\n\t\t\t\t\t<div class=\"e-con-inner\">\n\t\t\t\t<div class=\"elementor-element elementor-element-8da6f38 elementor-widget-divider--view-line_icon elementor-view-default elementor-widget-divider--element-align-center elementor-widget elementor-widget-divider\" data-id=\"8da6f38\" data-element_type=\"widget\" data-widget_type=\"divider.default\">\n\t\t\t\t<div class=\"elementor-widget-container\">\n\t\t\t\t\t\t\t<div class=\"elementor-divider\">\n\t\t\t<span class=\"elementor-divider-separator\">\n\t\t\t\t\t\t\t<div class=\"elementor-icon elementor-divider__element\">\n\t\t\t\t\t<svg aria-hidden=\"true\" class=\"e-font-icon-svg e-fas-bone\" viewbox=\"0 0 640 512\" xmlns=\"http:\/\/www.w3.org\/2000\/svg\"><path d=\"M598.88 244.56c25.2-12.6 41.12-38.36 41.12-66.53v-7.64C640 129.3 606.7 96 565.61 96c-32.02 0-60.44 20.49-70.57 50.86-7.68 23.03-11.6 45.14-38.11 45.14H183.06c-27.38 0-31.58-25.54-38.11-45.14C134.83 116.49 106.4 96 74.39 96 33.3 96 0 129.3 0 170.39v7.64c0 28.17 15.92 53.93 41.12 66.53 9.43 4.71 9.43 18.17 0 22.88C15.92 280.04 0 305.8 0 333.97v7.64C0 382.7 33.3 416 74.38 416c32.02 0 60.44-20.49 70.57-50.86 7.68-23.03 11.6-45.14 38.11-45.14h273.87c27.38 0 31.58 25.54 38.11 45.14C505.17 395.51 533.6 416 565.61 416c41.08 0 74.38-33.3 74.38-74.39v-7.64c0-28.18-15.92-53.93-41.12-66.53-9.42-4.71-9.42-18.17.01-22.88z\"><\/path><\/svg><\/div>\n\t\t\t\t\t\t<\/span>\n\t\t<\/div>\n\t\t\t\t\t\t<\/div>\n\t\t\t\t<\/div>\n\t\t\t\t\t<\/div>\n\t\t\t\t<\/div>\n\t\t<div class=\"elementor-element elementor-element-e93201a e-flex e-con-boxed e-con e-parent\" data-id=\"e93201a\" data-element_type=\"container\">\n\t\t\t\t\t<div class=\"e-con-inner\">\n\t\t<div class=\"elementor-element elementor-element-261034c e-con-full e-flex e-con e-child\" data-id=\"261034c\" data-element_type=\"container\">\n\t\t<div class=\"elementor-element elementor-element-fa9eadc e-con-full e-flex e-con e-child\" data-id=\"fa9eadc\" data-element_type=\"container\">\n\t\t\t\t<div class=\"elementor-element elementor-element-e64c4c6 elementor-widget elementor-widget-text-editor\" data-id=\"e64c4c6\" data-element_type=\"widget\" data-widget_type=\"text-editor.default\">\n\t\t\t\t<div class=\"elementor-widget-container\">\n\t\t\t\t\t\t\t\t\t<p>Ezen v\u00e9lem\u00e9nyek csak n\u00e9h\u00e1nyak a sok k\u00f6z\u00fcl, amelyek a Kutyakik\u00e9pz\u0151 K\u00f6zpontban tapasztalt pozit\u00edv v\u00e1ltoz\u00e1sokr\u00f3l sz\u00e1molnak be. Legyen sz\u00f3 ak\u00e1r alapkik\u00e9pz\u00e9sr\u0151l, probl\u00e9mamegold\u00f3 tr\u00e9ningr\u0151l, csoportos foglalkoz\u00e1sr\u00f3l vagy szem\u00e9lyre szabott kik\u00e9pz\u00e9sr\u0151l, c\u00e9lunk, hogy minden kutyatulajdonos \u00e9s kutyus el\u00e9gedetten t\u00e1vozzon t\u0151l\u00fcnk.<\/p>\t\t\t\t\t\t\t\t<\/div>\n\t\t\t\t<\/div>\n\t\t\t\t<\/div>\n\t\t\t\t<\/div>\n\t\t<div class=\"elementor-element elementor-element-3b5019e e-con-full e-flex e-con e-child\" data-id=\"3b5019e\" data-element_type=\"container\">\n\t\t\t\t<div class=\"elementor-element elementor-element-3a24562 elementor-widget elementor-widget-heading\" data-id=\"3a24562\" data-element_type=\"widget\" data-widget_type=\"heading.default\">\n\t\t\t\t<div class=\"elementor-widget-container\">\n\t\t\t\t\t<h2 class=\"elementor-heading-title elementor-size-default\">Gyere el te is, \u00e9s n\u00e9zd meg saj\u00e1t szemeddel, mennyire hat\u00e9konyak a m\u00f3dszereink!<\/h2>\t\t\t\t<\/div>\n\t\t\t\t<\/div>\n\t\t\t\t<\/div>\n\t\t<div class=\"elementor-element elementor-element-51b0fa9 e-con-full e-flex e-con e-child\" data-id=\"51b0fa9\" data-element_type=\"container\">\n\t\t\t\t<div class=\"elementor-element elementor-element-9c87a1b elementor-widget elementor-widget-image\" data-id=\"9c87a1b\" data-element_type=\"widget\" data-widget_type=\"image.default\">\n\t\t\t\t<div class=\"elementor-widget-container\">\n\t\t\t\t\t\t\t\t\t\t\t\t\t\t\t<img loading=\"lazy\" decoding=\"async\" width=\"550\" height=\"366\" src=\"https:\/\/kolt.olaszelet.com\/wp-content\/uploads\/2025\/02\/velemeny8.webp\" class=\"attachment-large size-large wp-image-2060\" alt=\"\" srcset=\"https:\/\/kolt.olaszelet.com\/wp-content\/uploads\/2025\/02\/velemeny8.webp 550w, https:\/\/kolt.olaszelet.com\/wp-content\/uploads\/2025\/02\/velemeny8-300x200.webp 300w\" sizes=\"(max-width: 550px) 100vw, 550px\" \/>\t\t\t\t\t\t\t\t\t\t\t\t\t\t\t<\/div>\n\t\t\t\t<\/div>\n\t\t\t\t<\/div>\n\t\t\t\t\t<\/div>\n\t\t\t\t<\/div>\n\t\t\t\t<\/div>","protected":false},"excerpt":{"rendered":"<p>V\u00e9lem\u00e9nyek &#8222;A Kutyakik\u00e9pz\u0151 K\u00f6zpont csapata olyan profi, amilyenre mindig is v\u00e1gytam. A kuty\u00e1m, Foltos, nagyon neh\u00e9z eset volt, de a tr\u00e9ningek sor\u00e1n rengeteget javult. K\u00f6sz\u00f6nj\u00fck, hogy megtan\u00edtott\u00e1tok nek\u00fcnk a k\u00f6lcs\u00f6n\u00f6s tisztelet fontoss\u00e1g\u00e1t!&#8221; Kov\u00e1cs B\u00e9la Budapest &#8222;Nagyszer\u0171 tr\u00e9ningek, csod\u00e1latos emberek! A kuty\u00e1m, Bella, im\u00e1dja a Kutyakik\u00e9pz\u0151 K\u00f6zpontot. Minden alkalommal alig v\u00e1rja, hogy elkezd\u0151dhessenek az \u00f3r\u00e1k.&#8221; Szab\u00f3 [&hellip;]<\/p>","protected":false},"author":1,"featured_media":0,"parent":0,"menu_order":0,"comment_status":"closed","ping_status":"closed","template":"","meta":{"site-sidebar-layout":"no-sidebar","site-content-layout":"page-builder","ast-site-content-layout":"full-width-container","site-content-style":"default","site-sidebar-style":"default","ast-global-header-display":"","ast-banner-title-visibility":"","ast-main-header-display":"","ast-hfb-above-header-display":"","ast-hfb-below-header-display":"","ast-hfb-mobile-header-display":"","site-post-title":"disabled","ast-breadcrumbs-content":"","ast-featured-img":"disabled","footer-sml-layout":"","theme-transparent-header-meta":"default","adv-header-id-meta":"","stick-header-meta":"","header-above-stick-meta":"","header-main-stick-meta":"","header-below-stick-meta":"","astra-migrate-meta-layouts":"set","ast-page-background-enabled":"default","ast-page-background-meta":{"desktop":{"background-color":"var(--ast-global-color-4)","background-image":"","background-repeat":"repeat","background-position":"center center","background-size":"auto","background-attachment":"scroll","background-type":"","background-media":"","overlay-type":"","overlay-color":"","overlay-opacity":"","overlay-gradient":""},"tablet":{"background-color":"","background-image":"","background-repeat":"repeat","background-position":"center center","background-size":"auto","background-attachment":"scroll","background-type":"","background-media":"","overlay-type":"","overlay-color":"","overlay-opacity":"","overlay-gradient":""},"mobile":{"background-color":"","background-image":"","background-repeat":"repeat","background-position":"center center","background-size":"auto","background-attachment":"scroll","background-type":"","background-media":"","overlay-type":"","overlay-color":"","overlay-opacity":"","overlay-gradient":""}},"ast-content-background-meta":{"desktop":{"background-color":"var(--ast-global-color-5)","background-image":"","background-repeat":"repeat","background-position":"center center","background-size":"auto","background-attachment":"scroll","background-type":"","background-media":"","overlay-type":"","overlay-color":"","overlay-opacity":"","overlay-gradient":""},"tablet":{"background-color":"var(--ast-global-color-5)","background-image":"","background-repeat":"repeat","background-position":"center center","background-size":"auto","background-attachment":"scroll","background-type":"","background-media":"","overlay-type":"","overlay-color":"","overlay-opacity":"","overlay-gradient":""},"mobile":{"background-color":"var(--ast-global-color-5)","background-image":"","background-repeat":"repeat","background-position":"center center","background-size":"auto","background-attachment":"scroll","background-type":"","background-media":"","overlay-type":"","overlay-color":"","overlay-opacity":"","overlay-gradient":""}},"footnotes":""},"class_list":["post-1931","page","type-page","status-publish","hentry"],"_links":{"self":[{"href":"https:\/\/kolt.olaszelet.com\/en\/wp-json\/wp\/v2\/pages\/1931","targetHints":{"allow":["GET"]}}],"collection":[{"href":"https:\/\/kolt.olaszelet.com\/en\/wp-json\/wp\/v2\/pages"}],"about":[{"href":"https:\/\/kolt.olaszelet.com\/en\/wp-json\/wp\/v2\/types\/page"}],"author":[{"embeddable":true,"href":"https:\/\/kolt.olaszelet.com\/en\/wp-json\/wp\/v2\/users\/1"}],"replies":[{"embeddable":true,"href":"https:\/\/kolt.olaszelet.com\/en\/wp-json\/wp\/v2\/comments?post=1931"}],"version-history":[{"count":43,"href":"https:\/\/kolt.olaszelet.com\/en\/wp-json\/wp\/v2\/pages\/1931\/revisions"}],"predecessor-version":[{"id":2149,"href":"https:\/\/kolt.olaszelet.com\/en\/wp-json\/wp\/v2\/pages\/1931\/revisions\/2149"}],"wp:attachment":[{"href":"https:\/\/kolt.olaszelet.com\/en\/wp-json\/wp\/v2\/media?parent=1931"}],"curies":[{"name":"wp","href":"https:\/\/api.w.org\/{rel}","templated":true}]}}